{"id":688,"date":"2021-03-15T13:44:31","date_gmt":"2021-03-15T17:44:31","guid":{"rendered":"https:\/\/securifort.com\/?page_id=688"},"modified":"2024-12-18T10:56:33","modified_gmt":"2024-12-18T15:56:33","slug":"carrieres","status":"publish","type":"page","link":"https:\/\/securifort.com\/en\/carrieres\/","title":{"rendered":"Jobs"},"content":{"rendered":"<section id=\"block-6762f0afa6abd\" class=\"block header-text\" data-watch>\n\t<div class=\"header-text-background\"><div class=\"image image--fill \">\n\t\t\t\t<div class=\"frame\">\n\t\t\t\t\t<picture>\n\t\t\t\t\t\t<source srcset=\"https:\/\/securifort.com\/app\/uploads\/2021\/03\/Header_Quote_Background.webp\" type=\"image\/webp\"\/>\n\t\t\t\t\t\t<img decoding=\"async\" src=\"https:\/\/securifort.com\/app\/uploads\/2021\/03\/Header_Quote_Background.webp\">\n\t\t\t\t\t<\/picture>\n\t\t\t\t<\/div>\n\t\t\t<\/div><\/div>\n\t<div class=\"header-text-foreground\">\n\t\t<div class=\"container\">\n\t\t\t<div class=\"header-text-content wysiwyg light\" data-break-lines=\"h1,h2,h3\">\n\t\t\t\t<h1>Careers<\/h1>\n<p>Explore career opportunities at S\u00e9curifort. We are currently seeking talented drafters and welders to join our team. You\u2019ll have the chance to contribute to our tradition of excellence in physical security and take part in innovative projects that push the boundaries of our industry.<\/p>\n<p>Join us and become part of a passionate team dedicated to manufacturing cutting-edge security equipment.<\/p>\n\n\t\t\t<\/div>\n\t\t<\/div>\n\t<\/div>\n<\/section>\n\n<section id=\"block-6762f0afa6ad8\" class=\"block job-list\" data-watch>\n\t<div class=\"container\">\n\t\t<div class=\"job-list-content\">\n\t\t\t\n\t\t<\/div>\n\t<\/div>\n<\/section>\n\n<section id=\"block-6762f0afa7290\" class=\"block text-aside text-aside--reverse\" data-watch>\n\t<div class=\"container\">\n\t\t<div class=\"text-aside-main\">\n\t\t\t<div class=\"text-aside-head\"><\/div>\n\t\t\t<div class=\"text-aside-body\">\n\t\t\t\t<div class=\"text-aside-content wysiwyg\" data-break-lines=\"h1,h2,h3\">\n\t\t\t\t\t<h4>CONTACT US<\/h4>\n<p>45 rue Cayouette, Tingwick, Qc<br \/>\nT\u00e9l. 819-359-2226<br \/>\nT\u00e9l.819-552-2750<\/p>\n<p>\u00c9dith Guillemette<br \/>\n<a href=\"mailto:eguillemette@groupemayrand.com\">eguillemette@groupemayrand.com<\/a><\/p>\n\n\t\t\t\t<\/div>\n\t\t\t<\/div>\n\t\t<\/div>\n\t<\/div>\n<\/section>","protected":false},"excerpt":{"rendered":"","protected":false},"author":1,"featured_media":0,"parent":0,"menu_order":0,"comment_status":"closed","ping_status":"closed","template":"","meta":{"inline_featured_image":false},"acf":[],"yoast_head":"<!-- This site is optimized with the Yoast SEO plugin v19.10 - https:\/\/yoast.com\/wordpress\/plugins\/seo\/ -->\n<title>Jobs - S\u00e9curifort<\/title>\n<meta name=\"robots\" content=\"noindex, follow, max-snippet:-1, max-image-preview:large, max-video-preview:-1\" \/>\n<meta property=\"og:locale\" content=\"en_US\" \/>\n<meta property=\"og:type\" content=\"article\" \/>\n<meta property=\"og:title\" content=\"Jobs - S\u00e9curifort\" \/>\n<meta property=\"og:url\" content=\"https:\/\/dev.securifort.com\/en\/carrieres\/\" \/>\n<meta property=\"og:site_name\" content=\"S\u00e9curifort\" \/>\n<meta property=\"article:modified_time\" content=\"2024-12-18T15:56:33+00:00\" \/>\n<meta name=\"twitter:card\" content=\"summary_large_image\" \/>\n<script type=\"application\/ld+json\" class=\"yoast-schema-graph\">{\"@context\":\"https:\/\/schema.org\",\"@graph\":[{\"@type\":\"WebPage\",\"@id\":\"https:\/\/dev.securifort.com\/en\/carrieres\/\",\"url\":\"https:\/\/dev.securifort.com\/en\/carrieres\/\",\"name\":\"Jobs - S\u00e9curifort\",\"isPartOf\":{\"@id\":\"https:\/\/dev.securifort.com\/#website\"},\"datePublished\":\"2021-03-15T17:44:31+00:00\",\"dateModified\":\"2024-12-18T15:56:33+00:00\",\"breadcrumb\":{\"@id\":\"https:\/\/dev.securifort.com\/en\/carrieres\/#breadcrumb\"},\"inLanguage\":\"en-US\",\"potentialAction\":[{\"@type\":\"ReadAction\",\"target\":[\"https:\/\/dev.securifort.com\/en\/carrieres\/\"]}]},{\"@type\":\"BreadcrumbList\",\"@id\":\"https:\/\/dev.securifort.com\/en\/carrieres\/#breadcrumb\",\"itemListElement\":[{\"@type\":\"ListItem\",\"position\":1,\"name\":\"Home\",\"item\":\"https:\/\/securifort.com\/en\/\"},{\"@type\":\"ListItem\",\"position\":2,\"name\":\"Jobs\"}]},{\"@type\":\"WebSite\",\"@id\":\"https:\/\/dev.securifort.com\/#website\",\"url\":\"https:\/\/dev.securifort.com\/\",\"name\":\"S\u00e9curifort\",\"description\":\"Coffres-forts, D\u00e9p\u00f4ts, Vo\u00fbtes\",\"potentialAction\":[{\"@type\":\"SearchAction\",\"target\":{\"@type\":\"EntryPoint\",\"urlTemplate\":\"https:\/\/dev.securifort.com\/?s={search_term_string}\"},\"query-input\":\"required name=search_term_string\"}],\"inLanguage\":\"en-US\"}]}<\/script>\n<!-- \/ Yoast SEO plugin. -->","yoast_head_json":{"title":"Jobs - S\u00e9curifort","robots":{"index":"noindex","follow":"follow","max-snippet":"max-snippet:-1","max-image-preview":"max-image-preview:large","max-video-preview":"max-video-preview:-1"},"og_locale":"en_US","og_type":"article","og_title":"Jobs - S\u00e9curifort","og_url":"https:\/\/dev.securifort.com\/en\/carrieres\/","og_site_name":"S\u00e9curifort","article_modified_time":"2024-12-18T15:56:33+00:00","twitter_card":"summary_large_image","schema":{"@context":"https:\/\/schema.org","@graph":[{"@type":"WebPage","@id":"https:\/\/dev.securifort.com\/en\/carrieres\/","url":"https:\/\/dev.securifort.com\/en\/carrieres\/","name":"Jobs - S\u00e9curifort","isPartOf":{"@id":"https:\/\/dev.securifort.com\/#website"},"datePublished":"2021-03-15T17:44:31+00:00","dateModified":"2024-12-18T15:56:33+00:00","breadcrumb":{"@id":"https:\/\/dev.securifort.com\/en\/carrieres\/#breadcrumb"},"inLanguage":"en-US","potentialAction":[{"@type":"ReadAction","target":["https:\/\/dev.securifort.com\/en\/carrieres\/"]}]},{"@type":"BreadcrumbList","@id":"https:\/\/dev.securifort.com\/en\/carrieres\/#breadcrumb","itemListElement":[{"@type":"ListItem","position":1,"name":"Home","item":"https:\/\/securifort.com\/en\/"},{"@type":"ListItem","position":2,"name":"Jobs"}]},{"@type":"WebSite","@id":"https:\/\/dev.securifort.com\/#website","url":"https:\/\/dev.securifort.com\/","name":"S\u00e9curifort","description":"Coffres-forts, D\u00e9p\u00f4ts, Vo\u00fbtes","potentialAction":[{"@type":"SearchAction","target":{"@type":"EntryPoint","urlTemplate":"https:\/\/dev.securifort.com\/?s={search_term_string}"},"query-input":"required name=search_term_string"}],"inLanguage":"en-US"}]}},"_links":{"self":[{"href":"https:\/\/securifort.com\/en\/wp-json\/wp\/v2\/pages\/688"}],"collection":[{"href":"https:\/\/securifort.com\/en\/wp-json\/wp\/v2\/pages"}],"about":[{"href":"https:\/\/securifort.com\/en\/wp-json\/wp\/v2\/types\/page"}],"author":[{"embeddable":true,"href":"https:\/\/securifort.com\/en\/wp-json\/wp\/v2\/users\/1"}],"replies":[{"embeddable":true,"href":"https:\/\/securifort.com\/en\/wp-json\/wp\/v2\/comments?post=688"}],"version-history":[{"count":4,"href":"https:\/\/securifort.com\/en\/wp-json\/wp\/v2\/pages\/688\/revisions"}],"predecessor-version":[{"id":1559,"href":"https:\/\/securifort.com\/en\/wp-json\/wp\/v2\/pages\/688\/revisions\/1559"}],"wp:attachment":[{"href":"https:\/\/securifort.com\/en\/wp-json\/wp\/v2\/media?parent=688"}],"curies":[{"name":"wp","href":"https:\/\/api.w.org\/{rel}","templated":true}]}}