{"id":691,"date":"2021-03-15T13:44:19","date_gmt":"2021-03-15T17:44:19","guid":{"rendered":"https:\/\/securifort.com\/?page_id=691"},"modified":"2025-03-27T22:18:15","modified_gmt":"2025-03-28T02:18:15","slug":"contact","status":"publish","type":"page","link":"https:\/\/securifort.com\/en\/contact\/","title":{"rendered":"Contact"},"content":{"rendered":"<section id=\"block-67e606e61d89b\" class=\"block header-text\" data-watch>\n\t<div class=\"header-text-background\"><\/div>\n\t<div class=\"header-text-foreground\">\n\t\t<div class=\"container\">\n\t\t\t<div class=\"header-text-content wysiwyg light\" data-break-lines=\"h1,h2,h3\">\n\t\t\t\t<h1>Contact<\/h1>\n\n\t\t\t<\/div>\n\t\t<\/div>\n\t<\/div>\n<\/section>\n\n<section id=\"block-67e606e61dc39\" class=\"block text\" data-watch>\n\t<div class=\"container\">\n\t\t<div class=\"text-content wysiwyg\">\n\t\t\t<h3>CANADA<\/h3>\n<p>45, rue Cayouette, Tingwick (Qu\u00e9bec)\u00a0 J0A 1L0<\/p>\n<p>Tel.: 819.359.2226<br \/>\nToll-free: 1.888.310-2226<br \/>\nFax: 819.359.2218<\/p>\n<p><a href=\"mailto:info@securifort.com\">info@securifort.com<\/a><\/p>\n<h3>UNITED STATES<\/h3>\n<p>2250 Bumble Bee Hollow road, Mechanicsburg, PA 17055<\/p>\n<p>Tel.: 717.790.0500<br \/>\nFax: 717.790.0501<\/p>\n<p><a href=\"mailto:sales@m3tcorporation.com\">sales@m3tcorporation.com<\/a><\/p>\n<h3>CARIBBEAN ISLANDS<\/h3>\n<p>SISTEMAS INTEGRADOS DE SEGURIDAD, S.A.<br \/>\nSanto Domingo, Dominican Republic<\/p>\n<p>Tel: 809.535.2786<br \/>\nTel. 809.533.8464<br \/>\nFax: 809.535.2868<\/p>\n<p><a href=\"mailto:joseagomez@sistemaintegrado.com\">joseagomez@sistemaintegrado.com<\/a><br \/>\n<a href=\"http:\/\/www.sistemaintegrado.com\">www.sistemaintegrado.com<\/a><\/p>\n\n\t\t<\/div>\n\t<\/div>\n<\/section>","protected":false},"excerpt":{"rendered":"","protected":false},"author":1,"featured_media":0,"parent":0,"menu_order":0,"comment_status":"closed","ping_status":"closed","template":"","meta":{"inline_featured_image":false},"acf":[],"yoast_head":"<!-- This site is optimized with the Yoast SEO plugin v19.10 - https:\/\/yoast.com\/wordpress\/plugins\/seo\/ -->\n<title>Contact - S\u00e9curifort<\/title>\n<meta name=\"robots\" content=\"noindex, follow, max-snippet:-1, max-image-preview:large, max-video-preview:-1\" \/>\n<meta property=\"og:locale\" content=\"en_US\" \/>\n<meta property=\"og:type\" content=\"article\" \/>\n<meta property=\"og:title\" content=\"Contact - S\u00e9curifort\" \/>\n<meta property=\"og:url\" content=\"https:\/\/securifort.com\/en\/contact\/\" \/>\n<meta property=\"og:site_name\" content=\"S\u00e9curifort\" \/>\n<meta property=\"article:modified_time\" content=\"2025-03-28T02:18:15+00:00\" \/>\n<meta name=\"twitter:card\" content=\"summary_large_image\" \/>\n<script type=\"application\/ld+json\" class=\"yoast-schema-graph\">{\"@context\":\"https:\/\/schema.org\",\"@graph\":[{\"@type\":\"WebPage\",\"@id\":\"https:\/\/securifort.com\/en\/contact\/\",\"url\":\"https:\/\/securifort.com\/en\/contact\/\",\"name\":\"Contact - S\u00e9curifort\",\"isPartOf\":{\"@id\":\"https:\/\/dev.securifort.com\/#website\"},\"datePublished\":\"2021-03-15T17:44:19+00:00\",\"dateModified\":\"2025-03-28T02:18:15+00:00\",\"breadcrumb\":{\"@id\":\"https:\/\/securifort.com\/en\/contact\/#breadcrumb\"},\"inLanguage\":\"en-US\",\"potentialAction\":[{\"@type\":\"ReadAction\",\"target\":[\"https:\/\/securifort.com\/en\/contact\/\"]}]},{\"@type\":\"BreadcrumbList\",\"@id\":\"https:\/\/securifort.com\/en\/contact\/#breadcrumb\",\"itemListElement\":[{\"@type\":\"ListItem\",\"position\":1,\"name\":\"Home\",\"item\":\"https:\/\/securifort.com\/en\/\"},{\"@type\":\"ListItem\",\"position\":2,\"name\":\"Contact\"}]},{\"@type\":\"WebSite\",\"@id\":\"https:\/\/dev.securifort.com\/#website\",\"url\":\"https:\/\/dev.securifort.com\/\",\"name\":\"S\u00e9curifort\",\"description\":\"Coffres-forts, D\u00e9p\u00f4ts, Vo\u00fbtes\",\"potentialAction\":[{\"@type\":\"SearchAction\",\"target\":{\"@type\":\"EntryPoint\",\"urlTemplate\":\"https:\/\/dev.securifort.com\/?s={search_term_string}\"},\"query-input\":\"required name=search_term_string\"}],\"inLanguage\":\"en-US\"}]}<\/script>\n<!-- \/ Yoast SEO plugin. -->","yoast_head_json":{"title":"Contact - S\u00e9curifort","robots":{"index":"noindex","follow":"follow","max-snippet":"max-snippet:-1","max-image-preview":"max-image-preview:large","max-video-preview":"max-video-preview:-1"},"og_locale":"en_US","og_type":"article","og_title":"Contact - S\u00e9curifort","og_url":"https:\/\/securifort.com\/en\/contact\/","og_site_name":"S\u00e9curifort","article_modified_time":"2025-03-28T02:18:15+00:00","twitter_card":"summary_large_image","schema":{"@context":"https:\/\/schema.org","@graph":[{"@type":"WebPage","@id":"https:\/\/securifort.com\/en\/contact\/","url":"https:\/\/securifort.com\/en\/contact\/","name":"Contact - S\u00e9curifort","isPartOf":{"@id":"https:\/\/dev.securifort.com\/#website"},"datePublished":"2021-03-15T17:44:19+00:00","dateModified":"2025-03-28T02:18:15+00:00","breadcrumb":{"@id":"https:\/\/securifort.com\/en\/contact\/#breadcrumb"},"inLanguage":"en-US","potentialAction":[{"@type":"ReadAction","target":["https:\/\/securifort.com\/en\/contact\/"]}]},{"@type":"BreadcrumbList","@id":"https:\/\/securifort.com\/en\/contact\/#breadcrumb","itemListElement":[{"@type":"ListItem","position":1,"name":"Home","item":"https:\/\/securifort.com\/en\/"},{"@type":"ListItem","position":2,"name":"Contact"}]},{"@type":"WebSite","@id":"https:\/\/dev.securifort.com\/#website","url":"https:\/\/dev.securifort.com\/","name":"S\u00e9curifort","description":"Coffres-forts, D\u00e9p\u00f4ts, Vo\u00fbtes","potentialAction":[{"@type":"SearchAction","target":{"@type":"EntryPoint","urlTemplate":"https:\/\/dev.securifort.com\/?s={search_term_string}"},"query-input":"required name=search_term_string"}],"inLanguage":"en-US"}]}},"_links":{"self":[{"href":"https:\/\/securifort.com\/en\/wp-json\/wp\/v2\/pages\/691"}],"collection":[{"href":"https:\/\/securifort.com\/en\/wp-json\/wp\/v2\/pages"}],"about":[{"href":"https:\/\/securifort.com\/en\/wp-json\/wp\/v2\/types\/page"}],"author":[{"embeddable":true,"href":"https:\/\/securifort.com\/en\/wp-json\/wp\/v2\/users\/1"}],"replies":[{"embeddable":true,"href":"https:\/\/securifort.com\/en\/wp-json\/wp\/v2\/comments?post=691"}],"version-history":[{"count":8,"href":"https:\/\/securifort.com\/en\/wp-json\/wp\/v2\/pages\/691\/revisions"}],"predecessor-version":[{"id":2539,"href":"https:\/\/securifort.com\/en\/wp-json\/wp\/v2\/pages\/691\/revisions\/2539"}],"wp:attachment":[{"href":"https:\/\/securifort.com\/en\/wp-json\/wp\/v2\/media?parent=691"}],"curies":[{"name":"wp","href":"https:\/\/api.w.org\/{rel}","templated":true}]}}