{"id":707,"date":"2021-03-15T13:42:21","date_gmt":"2021-03-15T17:42:21","guid":{"rendered":"https:\/\/securifort.com\/?page_id=707"},"modified":"2024-12-18T10:54:16","modified_gmt":"2024-12-18T15:54:16","slug":"nouvelles","status":"publish","type":"page","link":"https:\/\/securifort.com\/en\/nouvelles\/","title":{"rendered":"News"},"content":{"rendered":"<section id=\"block-6762f0275854e\" class=\"block header-text\" data-watch>\n\t<div class=\"header-text-background\"><div class=\"image image--fill \">\n\t\t\t\t<div class=\"frame\">\n\t\t\t\t\t<picture>\n\t\t\t\t\t\t<source srcset=\"https:\/\/securifort.com\/app\/uploads\/2021\/03\/Header_Quote_Background.webp\" type=\"image\/webp\"\/>\n\t\t\t\t\t\t<img decoding=\"async\" src=\"https:\/\/securifort.com\/app\/uploads\/2021\/03\/Header_Quote_Background.webp\">\n\t\t\t\t\t<\/picture>\n\t\t\t\t<\/div>\n\t\t\t<\/div><\/div>\n\t<div class=\"header-text-foreground\">\n\t\t<div class=\"container\">\n\t\t\t<div class=\"header-text-content wysiwyg light\" data-break-lines=\"h1,h2,h3\">\n\t\t\t\t<h4>Informations<\/h4>\n<h1>News<\/h1>\n\n\t\t\t<\/div>\n\t\t<\/div>\n\t<\/div>\n<\/section>\n\n<section id=\"block-6762f0275859f\" class=\"block post-list\" data-watch>\n\t<div class=\"container\">\n\t\t<div class=\"post-list-content\">\n\t\t\t<a class=\"block post-item\" href=https:\/\/securifort.com\/en\/soulignons-356-ans-danciennete-chez-securifort-inc\/ data-watch>\n\t<div class=\"post-item-head\"><div class=\"image image--fill post-item-image\">\n\t\t\t\t<div class=\"frame\">\n\t\t\t\t\t<picture>\n\t\t\t\t\t\t<source srcset=\"https:\/\/securifort.com\/app\/uploads\/2024\/11\/35-40-ANS-ANCIENNETE-scaled-480x0-c-default.webp\" type=\"image\/webp\"\/>\n\t\t\t\t\t\t<img decoding=\"async\" src=\"https:\/\/securifort.com\/app\/uploads\/2024\/11\/35-40-ANS-ANCIENNETE-scaled-480x0-c-default.webp\">\n\t\t\t\t\t<\/picture>\n\t\t\t\t<\/div>\n\t\t\t<\/div><\/div>\n\t<div class=\"post-item-body\">\n\t\t<div class=\"post-item-content wysiwyg\">\n\t\t\t<div class=\"post-item-terms\"><h4>Press release<\/h4><\/div>\n\t\t\t<div class=\"post-item-title\">\n\t\t\t\t<h3>Let\u2019s celebrate 356 years of combined seniority at S\u00e9curifort Inc.!<\/h3>\n\t\t\t<\/div>\n\t\t<\/div>\n\t<\/div>\n<\/a><a class=\"block post-item\" href=https:\/\/securifort.com\/en\/new-partnership\/ data-watch>\n\t<div class=\"post-item-head\"><div class=\"image image--fill post-item-image\">\n\t\t\t\t<div class=\"frame\">\n\t\t\t\t\t<picture>\n\t\t\t\t\t\t<source srcset=\"https:\/\/securifort.com\/app\/uploads\/2024\/11\/1-Facebook-scaled-480x0-c-default.webp\" type=\"image\/webp\"\/>\n\t\t\t\t\t\t<img decoding=\"async\" src=\"https:\/\/securifort.com\/app\/uploads\/2024\/11\/1-Facebook-scaled-480x0-c-default.webp\">\n\t\t\t\t\t<\/picture>\n\t\t\t\t<\/div>\n\t\t\t<\/div><\/div>\n\t<div class=\"post-item-body\">\n\t\t<div class=\"post-item-content wysiwyg\">\n\t\t\t<div class=\"post-item-terms\"><h4>Press release<\/h4><\/div>\n\t\t\t<div class=\"post-item-title\">\n\t\t\t\t<h3>New partnership<\/h3>\n\t\t\t<\/div>\n\t\t<\/div>\n\t<\/div>\n<\/a>\n\t\t<\/div>\n\t<\/div>\n<\/section>","protected":false},"excerpt":{"rendered":"","protected":false},"author":1,"featured_media":0,"parent":0,"menu_order":0,"comment_status":"closed","ping_status":"closed","template":"","meta":{"inline_featured_image":false},"acf":[],"yoast_head":"<!-- This site is optimized with the Yoast SEO plugin v19.10 - https:\/\/yoast.com\/wordpress\/plugins\/seo\/ -->\n<title>News - S\u00e9curifort<\/title>\n<meta name=\"robots\" content=\"noindex, follow, max-snippet:-1, max-image-preview:large, max-video-preview:-1\" \/>\n<meta property=\"og:locale\" content=\"en_US\" \/>\n<meta property=\"og:type\" content=\"article\" \/>\n<meta property=\"og:title\" content=\"News - S\u00e9curifort\" \/>\n<meta property=\"og:url\" content=\"https:\/\/dev.securifort.com\/en\/nouvelles\/\" \/>\n<meta property=\"og:site_name\" content=\"S\u00e9curifort\" \/>\n<meta property=\"article:modified_time\" content=\"2024-12-18T15:54:16+00:00\" \/>\n<meta name=\"twitter:card\" content=\"summary_large_image\" \/>\n<script type=\"application\/ld+json\" class=\"yoast-schema-graph\">{\"@context\":\"https:\/\/schema.org\",\"@graph\":[{\"@type\":\"WebPage\",\"@id\":\"https:\/\/dev.securifort.com\/en\/nouvelles\/\",\"url\":\"https:\/\/dev.securifort.com\/en\/nouvelles\/\",\"name\":\"News - S\u00e9curifort\",\"isPartOf\":{\"@id\":\"https:\/\/dev.securifort.com\/#website\"},\"datePublished\":\"2021-03-15T17:42:21+00:00\",\"dateModified\":\"2024-12-18T15:54:16+00:00\",\"breadcrumb\":{\"@id\":\"https:\/\/dev.securifort.com\/en\/nouvelles\/#breadcrumb\"},\"inLanguage\":\"en-US\",\"potentialAction\":[{\"@type\":\"ReadAction\",\"target\":[\"https:\/\/dev.securifort.com\/en\/nouvelles\/\"]}]},{\"@type\":\"BreadcrumbList\",\"@id\":\"https:\/\/dev.securifort.com\/en\/nouvelles\/#breadcrumb\",\"itemListElement\":[{\"@type\":\"ListItem\",\"position\":1,\"name\":\"Home\",\"item\":\"https:\/\/securifort.com\/en\/\"},{\"@type\":\"ListItem\",\"position\":2,\"name\":\"News\"}]},{\"@type\":\"WebSite\",\"@id\":\"https:\/\/dev.securifort.com\/#website\",\"url\":\"https:\/\/dev.securifort.com\/\",\"name\":\"S\u00e9curifort\",\"description\":\"Coffres-forts, D\u00e9p\u00f4ts, Vo\u00fbtes\",\"potentialAction\":[{\"@type\":\"SearchAction\",\"target\":{\"@type\":\"EntryPoint\",\"urlTemplate\":\"https:\/\/dev.securifort.com\/?s={search_term_string}\"},\"query-input\":\"required name=search_term_string\"}],\"inLanguage\":\"en-US\"}]}<\/script>\n<!-- \/ Yoast SEO plugin. -->","yoast_head_json":{"title":"News - S\u00e9curifort","robots":{"index":"noindex","follow":"follow","max-snippet":"max-snippet:-1","max-image-preview":"max-image-preview:large","max-video-preview":"max-video-preview:-1"},"og_locale":"en_US","og_type":"article","og_title":"News - S\u00e9curifort","og_url":"https:\/\/dev.securifort.com\/en\/nouvelles\/","og_site_name":"S\u00e9curifort","article_modified_time":"2024-12-18T15:54:16+00:00","twitter_card":"summary_large_image","schema":{"@context":"https:\/\/schema.org","@graph":[{"@type":"WebPage","@id":"https:\/\/dev.securifort.com\/en\/nouvelles\/","url":"https:\/\/dev.securifort.com\/en\/nouvelles\/","name":"News - S\u00e9curifort","isPartOf":{"@id":"https:\/\/dev.securifort.com\/#website"},"datePublished":"2021-03-15T17:42:21+00:00","dateModified":"2024-12-18T15:54:16+00:00","breadcrumb":{"@id":"https:\/\/dev.securifort.com\/en\/nouvelles\/#breadcrumb"},"inLanguage":"en-US","potentialAction":[{"@type":"ReadAction","target":["https:\/\/dev.securifort.com\/en\/nouvelles\/"]}]},{"@type":"BreadcrumbList","@id":"https:\/\/dev.securifort.com\/en\/nouvelles\/#breadcrumb","itemListElement":[{"@type":"ListItem","position":1,"name":"Home","item":"https:\/\/securifort.com\/en\/"},{"@type":"ListItem","position":2,"name":"News"}]},{"@type":"WebSite","@id":"https:\/\/dev.securifort.com\/#website","url":"https:\/\/dev.securifort.com\/","name":"S\u00e9curifort","description":"Coffres-forts, D\u00e9p\u00f4ts, Vo\u00fbtes","potentialAction":[{"@type":"SearchAction","target":{"@type":"EntryPoint","urlTemplate":"https:\/\/dev.securifort.com\/?s={search_term_string}"},"query-input":"required name=search_term_string"}],"inLanguage":"en-US"}]}},"_links":{"self":[{"href":"https:\/\/securifort.com\/en\/wp-json\/wp\/v2\/pages\/707"}],"collection":[{"href":"https:\/\/securifort.com\/en\/wp-json\/wp\/v2\/pages"}],"about":[{"href":"https:\/\/securifort.com\/en\/wp-json\/wp\/v2\/types\/page"}],"author":[{"embeddable":true,"href":"https:\/\/securifort.com\/en\/wp-json\/wp\/v2\/users\/1"}],"replies":[{"embeddable":true,"href":"https:\/\/securifort.com\/en\/wp-json\/wp\/v2\/comments?post=707"}],"version-history":[{"count":4,"href":"https:\/\/securifort.com\/en\/wp-json\/wp\/v2\/pages\/707\/revisions"}],"predecessor-version":[{"id":2394,"href":"https:\/\/securifort.com\/en\/wp-json\/wp\/v2\/pages\/707\/revisions\/2394"}],"wp:attachment":[{"href":"https:\/\/securifort.com\/en\/wp-json\/wp\/v2\/media?parent=707"}],"curies":[{"name":"wp","href":"https:\/\/api.w.org\/{rel}","templated":true}]}}