{"id":709,"date":"2021-03-18T13:25:50","date_gmt":"2021-03-18T17:25:50","guid":{"rendered":"https:\/\/securifort.com\/?page_id=709"},"modified":"2024-12-18T11:38:57","modified_gmt":"2024-12-18T16:38:57","slug":"produits","status":"publish","type":"page","link":"https:\/\/securifort.com\/en\/produits\/","title":{"rendered":"Products"},"content":{"rendered":"<section id=\"block-6762faa08ba54\" class=\"block header-product-list\" data-watch>\n\t<div class=\"container\">\n\t\t<div class=\"header-product-list-main\">\n\t\t\t<div class=\"header-product-list-head\"><div class=\"image image--fit header-product-list-image\">\n\t\t\t\t<div class=\"frame\">\n\t\t\t\t\t<picture>\n\t\t\t\t\t\t<source srcset=\"https:\/\/securifort.com\/app\/uploads\/2021\/03\/Header_Accessory.webp\" type=\"image\/webp\"\/>\n\t\t\t\t\t\t<img decoding=\"async\" src=\"https:\/\/securifort.com\/app\/uploads\/2021\/03\/Header_Accessory.webp\">\n\t\t\t\t\t<\/picture>\n\t\t\t\t<\/div>\n\t\t\t<\/div><\/div>\n\t\t\t<div class=\"header-product-list-body\">\n\t\t\t\t<div class=\"header-product-list-content wysiwyg light\" data-break-lines=\"h1,h2,h3\">\n\t\t\t\t\t<h1>Products<\/h1>\n<p>Protect your valuable assets with our high-security safes. Designed to withstand theft attempts and fires, they provide unmatched peace of mind.<\/p>\n\n\t\t\t\t\t<div class=\"header-product-list-actions\">\n\t\t\t\t\t     \t\t\t\t\t\t<a class=\"button\" href=\"https:\/\/securifort.centralio.com\/form\/en\" target=\"_blank\">\n\t\t\t\t\t\t<!--<a class=\"button\" href=\"https:\/\/securifort.com\/en\/demander-un-devis\/\">-->\n\t\t\t\t\t\t\tRequest a quote\n\t\t\t\t\t\t<\/a>\n\t\t\t\t\t\t\t\t\t\t\t<\/div>\n\t\t\t\t<\/div>\n\t\t\t<\/div>\n\t\t<\/div>\n\t<\/div>\n<\/section>\n\n<section id=\"block-6762faa08baa3\" class=\"block product-list\" data-watch>\n\t<div class=\"container\">\n\t\t<div class=\"product-list-main\">\n\t\t\t<div class=\"product-list-head\"><div class=\"product-list-filters\">\n\n\t<div class=\"product-list-filters-dismiss\">\n\t\t<svg viewBox=\"0 0 24 24\">\n\t\t\t<path d=\"M5.3 18.7c.2.2.4.3.7.3s.5-.1.7-.3l5.3-5.3 5.3 5.3c.2.2.5.3.7.3s.5-.1.7-.3c.4-.4.4-1 0-1.4L13.4 12l5.3-5.3c.4-.4.4-1 0-1.4s-1-.4-1.4 0L12 10.6 6.7 5.3c-.4-.4-1-.4-1.4 0s-.4 1 0 1.4l5.3 5.3-5.3 5.3c-.4.4-.4 1 0 1.4z\" fill=\"#FFF\"\/>\n\t\t<\/svg>\n\t<\/div>\n\n\t<div class=\"product-list-filters-groups\">\n\n\t\t\n\t\t\t<div class=\"product-list-filters-group\">\n\t\t\t\t<div class=\"product-grid-filter-group-title\"><h4>Cat\u00e9gorie<\/h4><\/div>\n\t\t\t\t<div class=\"product-list-filters-group-items\">\n\t\t\t\t\t<ul>\n\n\t\t\t\t\t\t\t\t\t\t\t\t\n\t\t\t\t\t\t\n\t\t\t\t\t\t\t\n\t\t\t\t\t\t\t<li class=\"product-list-filters-group-item \">\n\t\t\t\t\t\t\t\t<a href=\"https:\/\/securifort.com\/en\/produits\/?by=category&#038;of=safes\">\n\t\t\t\t\t\t\t\t\tSafes\n\t\t\t\t\t\t\t\t<\/a>\n\t\t\t\t\t\t\t<\/li>\n\n\t\t\t\t\t\t\n\t\t\t\t\t\t\t\n\t\t\t\t\t\t\t<li class=\"product-list-filters-group-item \">\n\t\t\t\t\t\t\t\t<a href=\"https:\/\/securifort.com\/en\/produits\/?by=category&#038;of=ul-certified\">\n\t\t\t\t\t\t\t\t\tUL Certified\n\t\t\t\t\t\t\t\t<\/a>\n\t\t\t\t\t\t\t<\/li>\n\n\t\t\t\t\t\t\n\t\t\t\t\t\t\t\n\t\t\t\t\t\t\t<li class=\"product-list-filters-group-item \">\n\t\t\t\t\t\t\t\t<a href=\"https:\/\/securifort.com\/en\/produits\/?by=category&#038;of=non-certified\">\n\t\t\t\t\t\t\t\t\tNon-Certified\n\t\t\t\t\t\t\t\t<\/a>\n\t\t\t\t\t\t\t<\/li>\n\n\t\t\t\t\t\t\n\t\t\t\t\t\t\t\n\t\t\t\t\t\t\t<li class=\"product-list-filters-group-item \">\n\t\t\t\t\t\t\t\t<a href=\"https:\/\/securifort.com\/en\/produits\/?by=category&#038;of=deposits\">\n\t\t\t\t\t\t\t\t\tDeposits\n\t\t\t\t\t\t\t\t<\/a>\n\t\t\t\t\t\t\t<\/li>\n\n\t\t\t\t\t\t\n\t\t\t\t\t\t\t\n\t\t\t\t\t\t\t<li class=\"product-list-filters-group-item \">\n\t\t\t\t\t\t\t\t<a href=\"https:\/\/securifort.com\/en\/produits\/?by=category&#038;of=night-deposit\">\n\t\t\t\t\t\t\t\t\tNight Depository\n\t\t\t\t\t\t\t\t<\/a>\n\t\t\t\t\t\t\t<\/li>\n\n\t\t\t\t\t\t\n\t\t\t\t\t\t\t\n\t\t\t\t\t\t\t<li class=\"product-list-filters-group-item \">\n\t\t\t\t\t\t\t\t<a href=\"https:\/\/securifort.com\/en\/produits\/?by=category&#038;of=floor-boxes\">\n\t\t\t\t\t\t\t\t\tFloor Safes\n\t\t\t\t\t\t\t\t<\/a>\n\t\t\t\t\t\t\t<\/li>\n\n\t\t\t\t\t\t\n\t\t\t\t\t\t\t\n\t\t\t\t\t\t\t<li class=\"product-list-filters-group-item \">\n\t\t\t\t\t\t\t\t<a href=\"https:\/\/securifort.com\/en\/produits\/?by=category&#038;of=vaults\">\n\t\t\t\t\t\t\t\t\tVaults\n\t\t\t\t\t\t\t\t<\/a>\n\t\t\t\t\t\t\t<\/li>\n\n\t\t\t\t\t\t\n\t\t\t\t\t\t\t\n\t\t\t\t\t\t\t<li class=\"product-list-filters-group-item \">\n\t\t\t\t\t\t\t\t<a href=\"https:\/\/securifort.com\/en\/produits\/?by=category&#038;of=custom-made\">\n\t\t\t\t\t\t\t\t\tCustom made\n\t\t\t\t\t\t\t\t<\/a>\n\t\t\t\t\t\t\t<\/li>\n\n\t\t\t\t\t\t\n\t\t\t\t\t\t\t\n\t\t\t\t\t\t\t<li class=\"product-list-filters-group-item \">\n\t\t\t\t\t\t\t\t<a href=\"https:\/\/securifort.com\/en\/produits\/?by=category&#038;of=accessories-vaults\">\n\t\t\t\t\t\t\t\t\tAccessories\n\t\t\t\t\t\t\t\t<\/a>\n\t\t\t\t\t\t\t<\/li>\n\n\t\t\t\t\t\t\n\t\t\t\t\t<\/ul>\n\t\t\t\t<\/div>\n\t\t\t<\/div>\n\n\t\t\n\t<\/div>\n<\/div>\n<\/div>\n\t\t\t<div class=\"product-list-body\">\n\t\t\t\t<div class=\"product-list-heading\">\n\t\t\t\t\t<div class=\"button product-list-filters-present\">Filtres<\/div>\n\t\t\t\t<\/div>\n\t\t\t\t<div class=\"product-list-content\">\n\t\t\t\t\t<a class=\"block product-item\" href=\"https:\/\/securifort.com\/en\/product\/b-rated\/\" data-watch>\n\n\t\t\t<div class=\"product-item-head\"><div class=\"image image--fit product-item-image\">\n\t\t\t\t<div class=\"frame\">\n\t\t\t\t\t<picture>\n\t\t\t\t\t\t<source srcset=\"https:\/\/securifort.com\/app\/uploads\/2024\/10\/BRATED-FACADE-scaled-480x0-c-default.webp\" type=\"image\/webp\"\/>\n\t\t\t\t\t\t<img decoding=\"async\" src=\"https:\/\/securifort.com\/app\/uploads\/2024\/10\/BRATED-FACADE-scaled-480x0-c-default.webp\">\n\t\t\t\t\t<\/picture>\n\t\t\t\t<\/div>\n\t\t\t<\/div><\/div>\n\t\n\t<div class=\"product-item-body\">\n\t\t<div class=\"product-item-heading wysiwyg\"><h3>B Rated<\/h3><\/div>\n\t\t<div class=\"product-item-content wysiwyg\">\n\t\t\t\n\t\t<\/div>\n\t<\/div>\n<\/a><a class=\"block product-item\" href=\"https:\/\/securifort.com\/en\/product\/c-rated\/\" data-watch>\n\n\t\t\t<div class=\"product-item-head\"><div class=\"image image--fit product-item-image\">\n\t\t\t\t<div class=\"frame\">\n\t\t\t\t\t<picture>\n\t\t\t\t\t\t<source srcset=\"https:\/\/securifort.com\/app\/uploads\/2024\/10\/Securifort-NoImageAvailable-480x0-c-default.webp\" type=\"image\/webp\"\/>\n\t\t\t\t\t\t<img decoding=\"async\" src=\"https:\/\/securifort.com\/app\/uploads\/2024\/10\/Securifort-NoImageAvailable-480x0-c-default.webp\">\n\t\t\t\t\t<\/picture>\n\t\t\t\t<\/div>\n\t\t\t<\/div><\/div>\n\t\n\t<div class=\"product-item-body\">\n\t\t<div class=\"product-item-heading wysiwyg\"><h3>C Rated<\/h3><\/div>\n\t\t<div class=\"product-item-content wysiwyg\">\n\t\t\t\n\t\t<\/div>\n\t<\/div>\n<\/a><a class=\"block product-item\" href=\"https:\/\/securifort.com\/en\/product\/day-gate\/\" data-watch>\n\n\t\t\t<div class=\"product-item-head\"><div class=\"image image--fit product-item-image\">\n\t\t\t\t<div class=\"frame\">\n\t\t\t\t\t<picture>\n\t\t\t\t\t\t<source srcset=\"https:\/\/securifort.com\/app\/uploads\/2024\/10\/Day-Gate-480x0-c-default.webp\" type=\"image\/webp\"\/>\n\t\t\t\t\t\t<img decoding=\"async\" src=\"https:\/\/securifort.com\/app\/uploads\/2024\/10\/Day-Gate-480x0-c-default.webp\">\n\t\t\t\t\t<\/picture>\n\t\t\t\t<\/div>\n\t\t\t<\/div><\/div>\n\t\n\t<div class=\"product-item-body\">\n\t\t<div class=\"product-item-heading wysiwyg\"><h3>Day Gate Acrylic or Painted<\/h3><\/div>\n\t\t<div class=\"product-item-content wysiwyg\">\n\t\t\t\n\t\t<\/div>\n\t<\/div>\n<\/a><a class=\"block product-item\" href=\"https:\/\/securifort.com\/en\/product\/floor-sage-1-steel-door\/\" data-watch>\n\n\t\t\t<div class=\"product-item-head\"><div class=\"image image--fit product-item-image\">\n\t\t\t\t<div class=\"frame\">\n\t\t\t\t\t<picture>\n\t\t\t\t\t\t<source srcset=\"https:\/\/securifort.com\/app\/uploads\/2024\/10\/Securifort-NoImageAvailable-480x0-c-default.webp\" type=\"image\/webp\"\/>\n\t\t\t\t\t\t<img decoding=\"async\" src=\"https:\/\/securifort.com\/app\/uploads\/2024\/10\/Securifort-NoImageAvailable-480x0-c-default.webp\">\n\t\t\t\t\t<\/picture>\n\t\t\t\t<\/div>\n\t\t\t<\/div><\/div>\n\t\n\t<div class=\"product-item-body\">\n\t\t<div class=\"product-item-heading wysiwyg\"><h3>Floor safe 1&#8243; steel door<\/h3><\/div>\n\t\t<div class=\"product-item-content wysiwyg\">\n\t\t\t\n\t\t<\/div>\n\t<\/div>\n<\/a><a class=\"block product-item\" href=\"https:\/\/securifort.com\/en\/product\/floor-sage-1-steel-door-with-depository\/\" data-watch>\n\n\t\t\t<div class=\"product-item-head\"><div class=\"image image--fit product-item-image\">\n\t\t\t\t<div class=\"frame\">\n\t\t\t\t\t<picture>\n\t\t\t\t\t\t<source srcset=\"https:\/\/securifort.com\/app\/uploads\/2024\/10\/Securifort-NoImageAvailable-480x0-c-default.webp\" type=\"image\/webp\"\/>\n\t\t\t\t\t\t<img decoding=\"async\" src=\"https:\/\/securifort.com\/app\/uploads\/2024\/10\/Securifort-NoImageAvailable-480x0-c-default.webp\">\n\t\t\t\t\t<\/picture>\n\t\t\t\t<\/div>\n\t\t\t<\/div><\/div>\n\t\n\t<div class=\"product-item-body\">\n\t\t<div class=\"product-item-heading wysiwyg\"><h3>Floor safe 1&#8243; steel door with depository<\/h3><\/div>\n\t\t<div class=\"product-item-content wysiwyg\">\n\t\t\t\n\t\t<\/div>\n\t<\/div>\n<\/a><a class=\"block product-item\" href=\"https:\/\/securifort.com\/en\/product\/2-4-6hrs-fire-door\/\" data-watch>\n\n\t\t\t<div class=\"product-item-head\"><div class=\"image image--fit product-item-image\">\n\t\t\t\t<div class=\"frame\">\n\t\t\t\t\t<picture>\n\t\t\t\t\t\t<source srcset=\"https:\/\/securifort.com\/app\/uploads\/2024\/10\/Securifort-Voute-Porte-Feu_Facade-2-480x0-c-default.webp\" type=\"image\/webp\"\/>\n\t\t\t\t\t\t<img decoding=\"async\" src=\"https:\/\/securifort.com\/app\/uploads\/2024\/10\/Securifort-Voute-Porte-Feu_Facade-2-480x0-c-default.webp\">\n\t\t\t\t\t<\/picture>\n\t\t\t\t<\/div>\n\t\t\t<\/div><\/div>\n\t\n\t<div class=\"product-item-body\">\n\t\t<div class=\"product-item-heading wysiwyg\"><h3>Insulated Fire Door (2-4-6 hours)<\/h3><\/div>\n\t\t<div class=\"product-item-content wysiwyg\">\n\t\t\t\n\t\t<\/div>\n\t<\/div>\n<\/a><a class=\"block product-item\" href=\"https:\/\/securifort.com\/en\/product\/lightweight-vault-door-ul-class-2\/\" data-watch>\n\n\t\t\t<div class=\"product-item-head\"><div class=\"image image--fit product-item-image\">\n\t\t\t\t<div class=\"frame\">\n\t\t\t\t\t<picture>\n\t\t\t\t\t\t<source srcset=\"https:\/\/securifort.com\/app\/uploads\/2025\/01\/lw-480x0-c-default.webp\" type=\"image\/webp\"\/>\n\t\t\t\t\t\t<img decoding=\"async\" src=\"https:\/\/securifort.com\/app\/uploads\/2025\/01\/lw-480x0-c-default.webp\">\n\t\t\t\t\t<\/picture>\n\t\t\t\t<\/div>\n\t\t\t<\/div><\/div>\n\t\n\t<div class=\"product-item-body\">\n\t\t<div class=\"product-item-heading wysiwyg\"><h3>Lightweight Vault Door UL Class 2<\/h3><\/div>\n\t\t<div class=\"product-item-content wysiwyg\">\n\t\t\t\n\t\t<\/div>\n\t<\/div>\n<\/a><a class=\"block product-item\" href=\"https:\/\/securifort.com\/en\/product\/night-depository-2\/\" data-watch>\n\n\t\t\t<div class=\"product-item-head\"><div class=\"image image--fit product-item-image\">\n\t\t\t\t<div class=\"frame\">\n\t\t\t\t\t<picture>\n\t\t\t\t\t\t<source srcset=\"https:\/\/securifort.com\/app\/uploads\/2024\/10\/ND-480x0-c-default.webp\" type=\"image\/webp\"\/>\n\t\t\t\t\t\t<img decoding=\"async\" src=\"https:\/\/securifort.com\/app\/uploads\/2024\/10\/ND-480x0-c-default.webp\">\n\t\t\t\t\t<\/picture>\n\t\t\t\t<\/div>\n\t\t\t<\/div><\/div>\n\t\n\t<div class=\"product-item-body\">\n\t\t<div class=\"product-item-heading wysiwyg\"><h3>Night Depository<\/h3><\/div>\n\t\t<div class=\"product-item-content wysiwyg\">\n\t\t\t\n\t\t<\/div>\n\t<\/div>\n<\/a><a class=\"block product-item\" href=\"https:\/\/securifort.com\/en\/product\/safety-deposit-boxes\/\" data-watch>\n\n\t\t\t<div class=\"product-item-head\"><div class=\"image image--fit product-item-image\">\n\t\t\t\t<div class=\"frame\">\n\t\t\t\t\t<picture>\n\t\t\t\t\t\t<source srcset=\"https:\/\/securifort.com\/app\/uploads\/2024\/10\/Securifort-CoffreFort-Nids_Action-480x0-c-default.webp\" type=\"image\/webp\"\/>\n\t\t\t\t\t\t<img decoding=\"async\" src=\"https:\/\/securifort.com\/app\/uploads\/2024\/10\/Securifort-CoffreFort-Nids_Action-480x0-c-default.webp\">\n\t\t\t\t\t<\/picture>\n\t\t\t\t<\/div>\n\t\t\t<\/div><\/div>\n\t\n\t<div class=\"product-item-body\">\n\t\t<div class=\"product-item-heading wysiwyg\"><h3>Safety deposit boxes<\/h3><\/div>\n\t\t<div class=\"product-item-content wysiwyg\">\n\t\t\t\n\t\t<\/div>\n\t<\/div>\n<\/a><a class=\"block product-item\" href=\"https:\/\/securifort.com\/en\/product\/super-pro-classe-2\/\" data-watch>\n\n\t\t\t<div class=\"product-item-head\"><div class=\"image image--fit product-item-image\">\n\t\t\t\t<div class=\"frame\">\n\t\t\t\t\t<picture>\n\t\t\t\t\t\t<source srcset=\"https:\/\/securifort.com\/app\/uploads\/2024\/10\/Securifort-CoffreFort-CompositeSafe_SuperProSerie-SansRotary-480x0-c-default.webp\" type=\"image\/webp\"\/>\n\t\t\t\t\t\t<img decoding=\"async\" src=\"https:\/\/securifort.com\/app\/uploads\/2024\/10\/Securifort-CoffreFort-CompositeSafe_SuperProSerie-SansRotary-480x0-c-default.webp\">\n\t\t\t\t\t<\/picture>\n\t\t\t\t<\/div>\n\t\t\t<\/div><\/div>\n\t\n\t<div class=\"product-item-body\">\n\t\t<div class=\"product-item-heading wysiwyg\"><h3>Super-Pro Classe 2<\/h3><\/div>\n\t\t<div class=\"product-item-content wysiwyg\">\n\t\t\t\n\t\t<\/div>\n\t<\/div>\n<\/a><a class=\"block product-item\" href=\"https:\/\/securifort.com\/en\/product\/tl-15-composite\/\" data-watch>\n\n\t\t\t<div class=\"product-item-head\"><div class=\"image image--fit product-item-image\">\n\t\t\t\t<div class=\"frame\">\n\t\t\t\t\t<picture>\n\t\t\t\t\t\t<source srcset=\"https:\/\/securifort.com\/app\/uploads\/2024\/10\/composite-scaled-480x0-c-default.webp\" type=\"image\/webp\"\/>\n\t\t\t\t\t\t<img decoding=\"async\" src=\"https:\/\/securifort.com\/app\/uploads\/2024\/10\/composite-scaled-480x0-c-default.webp\">\n\t\t\t\t\t<\/picture>\n\t\t\t\t<\/div>\n\t\t\t<\/div><\/div>\n\t\n\t<div class=\"product-item-body\">\n\t\t<div class=\"product-item-heading wysiwyg\"><h3>TL-15 (Composite)<\/h3><\/div>\n\t\t<div class=\"product-item-content wysiwyg\">\n\t\t\t\n\t\t<\/div>\n\t<\/div>\n<\/a><a class=\"block product-item\" href=\"https:\/\/securifort.com\/en\/product\/tl-15-high-tensile\/\" data-watch>\n\n\t\t\t<div class=\"product-item-head\"><div class=\"image image--fit product-item-image\">\n\t\t\t\t<div class=\"frame\">\n\t\t\t\t\t<picture>\n\t\t\t\t\t\t<source srcset=\"https:\/\/securifort.com\/app\/uploads\/2025\/01\/HS-2-scaled-480x0-c-default.webp\" type=\"image\/webp\"\/>\n\t\t\t\t\t\t<img decoding=\"async\" src=\"https:\/\/securifort.com\/app\/uploads\/2025\/01\/HS-2-scaled-480x0-c-default.webp\">\n\t\t\t\t\t<\/picture>\n\t\t\t\t<\/div>\n\t\t\t<\/div><\/div>\n\t\n\t<div class=\"product-item-body\">\n\t\t<div class=\"product-item-heading wysiwyg\"><h3>TL-15 (High Tensile)<\/h3><\/div>\n\t\t<div class=\"product-item-content wysiwyg\">\n\t\t\t\n\t\t<\/div>\n\t<\/div>\n<\/a><a class=\"block product-item\" href=\"https:\/\/securifort.com\/en\/product\/tl-15-plate\/\" data-watch>\n\n\t\t\t<div class=\"product-item-head\"><div class=\"image image--fit product-item-image\">\n\t\t\t\t<div class=\"frame\">\n\t\t\t\t\t<picture>\n\t\t\t\t\t\t<source srcset=\"https:\/\/securifort.com\/app\/uploads\/2025\/01\/HS-2-scaled-480x0-c-default.webp\" type=\"image\/webp\"\/>\n\t\t\t\t\t\t<img decoding=\"async\" src=\"https:\/\/securifort.com\/app\/uploads\/2025\/01\/HS-2-scaled-480x0-c-default.webp\">\n\t\t\t\t\t<\/picture>\n\t\t\t\t<\/div>\n\t\t\t<\/div><\/div>\n\t\n\t<div class=\"product-item-body\">\n\t\t<div class=\"product-item-heading wysiwyg\"><h3>TL-15 (Plate)<\/h3><\/div>\n\t\t<div class=\"product-item-content wysiwyg\">\n\t\t\t\n\t\t<\/div>\n\t<\/div>\n<\/a><a class=\"block product-item\" href=\"https:\/\/securifort.com\/en\/product\/tl-30-composite\/\" data-watch>\n\n\t\t\t<div class=\"product-item-head\"><div class=\"image image--fit product-item-image\">\n\t\t\t\t<div class=\"frame\">\n\t\t\t\t\t<picture>\n\t\t\t\t\t\t<source srcset=\"https:\/\/securifort.com\/app\/uploads\/2024\/10\/1818-12-1-scaled-480x0-c-default.webp\" type=\"image\/webp\"\/>\n\t\t\t\t\t\t<img decoding=\"async\" src=\"https:\/\/securifort.com\/app\/uploads\/2024\/10\/1818-12-1-scaled-480x0-c-default.webp\">\n\t\t\t\t\t<\/picture>\n\t\t\t\t<\/div>\n\t\t\t<\/div><\/div>\n\t\n\t<div class=\"product-item-body\">\n\t\t<div class=\"product-item-heading wysiwyg\"><h3>TL-30 (Composite)<\/h3><\/div>\n\t\t<div class=\"product-item-content wysiwyg\">\n\t\t\t\n\t\t<\/div>\n\t<\/div>\n<\/a><a class=\"block product-item\" href=\"https:\/\/securifort.com\/en\/product\/tl-30-high-tensile\/\" data-watch>\n\n\t\t\t<div class=\"product-item-head\"><div class=\"image image--fit product-item-image\">\n\t\t\t\t<div class=\"frame\">\n\t\t\t\t\t<picture>\n\t\t\t\t\t\t<source srcset=\"https:\/\/securifort.com\/app\/uploads\/2025\/01\/HS-2-scaled-480x0-c-default.webp\" type=\"image\/webp\"\/>\n\t\t\t\t\t\t<img decoding=\"async\" src=\"https:\/\/securifort.com\/app\/uploads\/2025\/01\/HS-2-scaled-480x0-c-default.webp\">\n\t\t\t\t\t<\/picture>\n\t\t\t\t<\/div>\n\t\t\t<\/div><\/div>\n\t\n\t<div class=\"product-item-body\">\n\t\t<div class=\"product-item-heading wysiwyg\"><h3>TL-30 (High Tensile)<\/h3><\/div>\n\t\t<div class=\"product-item-content wysiwyg\">\n\t\t\t\n\t\t<\/div>\n\t<\/div>\n<\/a><a class=\"block product-item\" href=\"https:\/\/securifort.com\/en\/product\/tl-30-plate\/\" data-watch>\n\n\t\t\t<div class=\"product-item-head\"><div class=\"image image--fit product-item-image\">\n\t\t\t\t<div class=\"frame\">\n\t\t\t\t\t<picture>\n\t\t\t\t\t\t<source srcset=\"https:\/\/securifort.com\/app\/uploads\/2025\/01\/HS-2-scaled-480x0-c-default.webp\" type=\"image\/webp\"\/>\n\t\t\t\t\t\t<img decoding=\"async\" src=\"https:\/\/securifort.com\/app\/uploads\/2025\/01\/HS-2-scaled-480x0-c-default.webp\">\n\t\t\t\t\t<\/picture>\n\t\t\t\t<\/div>\n\t\t\t<\/div><\/div>\n\t\n\t<div class=\"product-item-body\">\n\t\t<div class=\"product-item-heading wysiwyg\"><h3>TL-30 (Plate)<\/h3><\/div>\n\t\t<div class=\"product-item-content wysiwyg\">\n\t\t\t\n\t\t<\/div>\n\t<\/div>\n<\/a><a class=\"block product-item\" href=\"https:\/\/securifort.com\/en\/product\/tl-30x6\/\" data-watch>\n\n\t\t\t<div class=\"product-item-head\"><div class=\"image image--fit product-item-image\">\n\t\t\t\t<div class=\"frame\">\n\t\t\t\t\t<picture>\n\t\t\t\t\t\t<source srcset=\"https:\/\/securifort.com\/app\/uploads\/2024\/10\/tl30x6-scaled-480x0-c-default.webp\" type=\"image\/webp\"\/>\n\t\t\t\t\t\t<img decoding=\"async\" src=\"https:\/\/securifort.com\/app\/uploads\/2024\/10\/tl30x6-scaled-480x0-c-default.webp\">\n\t\t\t\t\t<\/picture>\n\t\t\t\t<\/div>\n\t\t\t<\/div><\/div>\n\t\n\t<div class=\"product-item-body\">\n\t\t<div class=\"product-item-heading wysiwyg\"><h3>TL-30X6<\/h3><\/div>\n\t\t<div class=\"product-item-content wysiwyg\">\n\t\t\t\n\t\t<\/div>\n\t<\/div>\n<\/a><a class=\"block product-item\" href=\"https:\/\/securifort.com\/en\/product\/trtl30\/\" data-watch>\n\n\t\t\t<div class=\"product-item-head\"><div class=\"image image--fit product-item-image\">\n\t\t\t\t<div class=\"frame\">\n\t\t\t\t\t<picture>\n\t\t\t\t\t\t<source srcset=\"https:\/\/securifort.com\/app\/uploads\/2024\/10\/Securifort-CoffreFort-TRTL30X6_Facade-1-480x0-c-default.webp\" type=\"image\/webp\"\/>\n\t\t\t\t\t\t<img decoding=\"async\" src=\"https:\/\/securifort.com\/app\/uploads\/2024\/10\/Securifort-CoffreFort-TRTL30X6_Facade-1-480x0-c-default.webp\">\n\t\t\t\t\t<\/picture>\n\t\t\t\t<\/div>\n\t\t\t<\/div><\/div>\n\t\n\t<div class=\"product-item-body\">\n\t\t<div class=\"product-item-heading wysiwyg\"><h3>TRTL30<\/h3><\/div>\n\t\t<div class=\"product-item-content wysiwyg\">\n\t\t\tHigh Security Burglary and Fire Resistant Safe\n\t\t<\/div>\n\t<\/div>\n<\/a><a class=\"block product-item\" href=\"https:\/\/securifort.com\/en\/product\/trtl30x6\/\" data-watch>\n\n\t\t\t<div class=\"product-item-head\"><div class=\"image image--fit product-item-image\">\n\t\t\t\t<div class=\"frame\">\n\t\t\t\t\t<picture>\n\t\t\t\t\t\t<source srcset=\"https:\/\/securifort.com\/app\/uploads\/2024\/10\/TRTL30X6-FACADE.2-scaled-480x0-c-default.webp\" type=\"image\/webp\"\/>\n\t\t\t\t\t\t<img decoding=\"async\" src=\"https:\/\/securifort.com\/app\/uploads\/2024\/10\/TRTL30X6-FACADE.2-scaled-480x0-c-default.webp\">\n\t\t\t\t\t<\/picture>\n\t\t\t\t<\/div>\n\t\t\t<\/div><\/div>\n\t\n\t<div class=\"product-item-body\">\n\t\t<div class=\"product-item-heading wysiwyg\"><h3>TRTL30X6<\/h3><\/div>\n\t\t<div class=\"product-item-content wysiwyg\">\n\t\t\tHigh Security Burglary and Fire Resistant Safe\n\t\t<\/div>\n\t<\/div>\n<\/a><a class=\"block product-item\" href=\"https:\/\/securifort.com\/en\/product\/modular-vaults\/\" data-watch>\n\n\t\t\t<div class=\"product-item-head\"><div class=\"image image--fit product-item-image\">\n\t\t\t\t<div class=\"frame\">\n\t\t\t\t\t<picture>\n\t\t\t\t\t\t<source srcset=\"https:\/\/securifort.com\/app\/uploads\/2024\/12\/securifort-web-vaultclass2-480x0-c-default.webp\" type=\"image\/webp\"\/>\n\t\t\t\t\t\t<img decoding=\"async\" src=\"https:\/\/securifort.com\/app\/uploads\/2024\/12\/securifort-web-vaultclass2-480x0-c-default.webp\">\n\t\t\t\t\t<\/picture>\n\t\t\t\t<\/div>\n\t\t\t<\/div><\/div>\n\t\n\t<div class=\"product-item-body\">\n\t\t<div class=\"product-item-heading wysiwyg\"><h3>UL Class 2 Modular Vaults<\/h3><\/div>\n\t\t<div class=\"product-item-content wysiwyg\">\n\t\t\t\n\t\t<\/div>\n\t<\/div>\n<\/a><a class=\"block product-item\" href=\"https:\/\/securifort.com\/en\/product\/vault-door-ul-class-2\/\" data-watch>\n\n\t\t\t<div class=\"product-item-head\"><div class=\"image image--fit product-item-image\">\n\t\t\t\t<div class=\"frame\">\n\t\t\t\t\t<picture>\n\t\t\t\t\t\t<source srcset=\"https:\/\/securifort.com\/app\/uploads\/2024\/10\/Securifort-Voute-Porte-Class2_SpecialColors-480x0-c-default.webp\" type=\"image\/webp\"\/>\n\t\t\t\t\t\t<img decoding=\"async\" src=\"https:\/\/securifort.com\/app\/uploads\/2024\/10\/Securifort-Voute-Porte-Class2_SpecialColors-480x0-c-default.webp\">\n\t\t\t\t\t<\/picture>\n\t\t\t\t<\/div>\n\t\t\t<\/div><\/div>\n\t\n\t<div class=\"product-item-body\">\n\t\t<div class=\"product-item-heading wysiwyg\"><h3>Vault Door UL Class 2<\/h3><\/div>\n\t\t<div class=\"product-item-content wysiwyg\">\n\t\t\t\n\t\t<\/div>\n\t<\/div>\n<\/a>\n\t\t\t\t<\/div>\n\t\t\t<\/div>\n\t\t<\/div>\n\t<\/div>\n<\/section>","protected":false},"excerpt":{"rendered":"","protected":false},"author":1,"featured_media":0,"parent":0,"menu_order":0,"comment_status":"closed","ping_status":"closed","template":"","meta":{"inline_featured_image":false},"acf":[],"yoast_head":"<!-- This site is optimized with the Yoast SEO plugin v19.10 - https:\/\/yoast.com\/wordpress\/plugins\/seo\/ -->\n<title>Products - S\u00e9curifort<\/title>\n<meta name=\"robots\" content=\"noindex, follow, max-snippet:-1, max-image-preview:large, max-video-preview:-1\" \/>\n<meta property=\"og:locale\" content=\"en_US\" \/>\n<meta property=\"og:type\" content=\"article\" \/>\n<meta property=\"og:title\" content=\"Products - S\u00e9curifort\" \/>\n<meta property=\"og:url\" content=\"https:\/\/dev.securifort.com\/en\/produits\/\" \/>\n<meta property=\"og:site_name\" content=\"S\u00e9curifort\" \/>\n<meta property=\"article:modified_time\" content=\"2024-12-18T16:38:57+00:00\" \/>\n<meta name=\"twitter:card\" content=\"summary_large_image\" \/>\n<script type=\"application\/ld+json\" class=\"yoast-schema-graph\">{\"@context\":\"https:\/\/schema.org\",\"@graph\":[{\"@type\":\"WebPage\",\"@id\":\"https:\/\/dev.securifort.com\/en\/produits\/\",\"url\":\"https:\/\/dev.securifort.com\/en\/produits\/\",\"name\":\"Products - S\u00e9curifort\",\"isPartOf\":{\"@id\":\"https:\/\/dev.securifort.com\/#website\"},\"datePublished\":\"2021-03-18T17:25:50+00:00\",\"dateModified\":\"2024-12-18T16:38:57+00:00\",\"breadcrumb\":{\"@id\":\"https:\/\/dev.securifort.com\/en\/produits\/#breadcrumb\"},\"inLanguage\":\"en-US\",\"potentialAction\":[{\"@type\":\"ReadAction\",\"target\":[\"https:\/\/dev.securifort.com\/en\/produits\/\"]}]},{\"@type\":\"BreadcrumbList\",\"@id\":\"https:\/\/dev.securifort.com\/en\/produits\/#breadcrumb\",\"itemListElement\":[{\"@type\":\"ListItem\",\"position\":1,\"name\":\"Home\",\"item\":\"https:\/\/securifort.com\/en\/\"},{\"@type\":\"ListItem\",\"position\":2,\"name\":\"Products\"}]},{\"@type\":\"WebSite\",\"@id\":\"https:\/\/dev.securifort.com\/#website\",\"url\":\"https:\/\/dev.securifort.com\/\",\"name\":\"S\u00e9curifort\",\"description\":\"Coffres-forts, D\u00e9p\u00f4ts, Vo\u00fbtes\",\"potentialAction\":[{\"@type\":\"SearchAction\",\"target\":{\"@type\":\"EntryPoint\",\"urlTemplate\":\"https:\/\/dev.securifort.com\/?s={search_term_string}\"},\"query-input\":\"required name=search_term_string\"}],\"inLanguage\":\"en-US\"}]}<\/script>\n<!-- \/ Yoast SEO plugin. -->","yoast_head_json":{"title":"Products - S\u00e9curifort","robots":{"index":"noindex","follow":"follow","max-snippet":"max-snippet:-1","max-image-preview":"max-image-preview:large","max-video-preview":"max-video-preview:-1"},"og_locale":"en_US","og_type":"article","og_title":"Products - S\u00e9curifort","og_url":"https:\/\/dev.securifort.com\/en\/produits\/","og_site_name":"S\u00e9curifort","article_modified_time":"2024-12-18T16:38:57+00:00","twitter_card":"summary_large_image","schema":{"@context":"https:\/\/schema.org","@graph":[{"@type":"WebPage","@id":"https:\/\/dev.securifort.com\/en\/produits\/","url":"https:\/\/dev.securifort.com\/en\/produits\/","name":"Products - S\u00e9curifort","isPartOf":{"@id":"https:\/\/dev.securifort.com\/#website"},"datePublished":"2021-03-18T17:25:50+00:00","dateModified":"2024-12-18T16:38:57+00:00","breadcrumb":{"@id":"https:\/\/dev.securifort.com\/en\/produits\/#breadcrumb"},"inLanguage":"en-US","potentialAction":[{"@type":"ReadAction","target":["https:\/\/dev.securifort.com\/en\/produits\/"]}]},{"@type":"BreadcrumbList","@id":"https:\/\/dev.securifort.com\/en\/produits\/#breadcrumb","itemListElement":[{"@type":"ListItem","position":1,"name":"Home","item":"https:\/\/securifort.com\/en\/"},{"@type":"ListItem","position":2,"name":"Products"}]},{"@type":"WebSite","@id":"https:\/\/dev.securifort.com\/#website","url":"https:\/\/dev.securifort.com\/","name":"S\u00e9curifort","description":"Coffres-forts, D\u00e9p\u00f4ts, Vo\u00fbtes","potentialAction":[{"@type":"SearchAction","target":{"@type":"EntryPoint","urlTemplate":"https:\/\/dev.securifort.com\/?s={search_term_string}"},"query-input":"required name=search_term_string"}],"inLanguage":"en-US"}]}},"_links":{"self":[{"href":"https:\/\/securifort.com\/en\/wp-json\/wp\/v2\/pages\/709"}],"collection":[{"href":"https:\/\/securifort.com\/en\/wp-json\/wp\/v2\/pages"}],"about":[{"href":"https:\/\/securifort.com\/en\/wp-json\/wp\/v2\/types\/page"}],"author":[{"embeddable":true,"href":"https:\/\/securifort.com\/en\/wp-json\/wp\/v2\/users\/1"}],"replies":[{"embeddable":true,"href":"https:\/\/securifort.com\/en\/wp-json\/wp\/v2\/comments?post=709"}],"version-history":[{"count":6,"href":"https:\/\/securifort.com\/en\/wp-json\/wp\/v2\/pages\/709\/revisions"}],"predecessor-version":[{"id":1578,"href":"https:\/\/securifort.com\/en\/wp-json\/wp\/v2\/pages\/709\/revisions\/1578"}],"wp:attachment":[{"href":"https:\/\/securifort.com\/en\/wp-json\/wp\/v2\/media?parent=709"}],"curies":[{"name":"wp","href":"https:\/\/api.w.org\/{rel}","templated":true}]}}