{"id":713,"date":"2022-05-12T19:45:20","date_gmt":"2022-05-12T23:45:20","guid":{"rendered":"https:\/\/securifort.com\/?page_id=713"},"modified":"2026-01-29T13:17:02","modified_gmt":"2026-01-29T18:17:02","slug":"service-technique","status":"publish","type":"page","link":"https:\/\/securifort.com\/en\/service-technique\/","title":{"rendered":"Technical Support"},"content":{"rendered":"<section id=\"block-697ba41cd4ecd\" class=\"block header-text\" data-watch>\n\t<div class=\"header-text-background\"><div class=\"image image--fill \">\n\t\t\t\t<div class=\"frame\">\n\t\t\t\t\t<picture>\n\t\t\t\t\t\t<source srcset=\"https:\/\/securifort.com\/app\/uploads\/2026\/01\/timelock.webp\" type=\"image\/webp\"\/>\n\t\t\t\t\t\t<img decoding=\"async\" src=\"https:\/\/securifort.com\/app\/uploads\/2026\/01\/timelock.webp\">\n\t\t\t\t\t<\/picture>\n\t\t\t\t<\/div>\n\t\t\t<\/div><\/div>\n\t<div class=\"header-text-foreground\">\n\t\t<div class=\"container\">\n\t\t\t<div class=\"header-text-content wysiwyg light\" data-break-lines=\"h1,h2,h3\">\n\t\t\t\t<h4>Technical Support<\/h4>\n<h1>A skilled team dedicated to meeting your specific needs.<\/h1>\n<p>The design of our products reflects years of collaboration and listening to the challenges faced by our clients. This attention to detail makes S\u00e9curifort one of the most trusted names in the design, installation, and servicing of security products.<\/p>\n\n\t\t\t<\/div>\n\t\t<\/div>\n\t<\/div>\n<\/section>\n\n<section id=\"block-697ba41cd4f13\" class=\"block text-aside text-aside--natural\" data-watch>\n\t<div class=\"container\">\n\t\t<div class=\"text-aside-main\">\n\t\t\t<div class=\"text-aside-head\"><div class=\"image image--fill text-aside-image\">\n\t\t\t\t<div class=\"frame\">\n\t\t\t\t\t<picture>\n\t\t\t\t\t\t<source srcset=\"https:\/\/securifort.com\/app\/uploads\/2026\/01\/timelock-960x0-c-default.webp\" type=\"image\/webp\"\/>\n\t\t\t\t\t\t<img decoding=\"async\" src=\"https:\/\/securifort.com\/app\/uploads\/2026\/01\/timelock-960x0-c-default.webp\">\n\t\t\t\t\t<\/picture>\n\t\t\t\t<\/div>\n\t\t\t<\/div><\/div>\n\t\t\t<div class=\"text-aside-body\">\n\t\t\t\t<div class=\"text-aside-content wysiwyg\" data-break-lines=\"h1,h2,h3\">\n\t\t\t\t\t\n\t\t\t\t<\/div>\n\t\t\t<\/div>\n\t\t<\/div>\n\t<\/div>\n<\/section>\n\n<section id=\"block-697ba41cd51fe\" class=\"block text\" data-watch>\n\t<div class=\"container\">\n\t\t<div class=\"text-content wysiwyg\">\n\t\t\t\n\t\t<\/div>\n\t<\/div>\n<\/section>\n\n<section id=\"block-697ba41cd5215\" class=\"block call-to-action\" data-watch>\n\t<div class=\"container\">\n\n\t\t<div class=\"call-to-action-main\">\n\n\t\t\t<div class=\"call-to-action-body\">\n\t\t\t\t<div class=\"call-to-action-content wysiwyg\">\n\t\t\t\t\t<p>Need help? Contact us.<\/p>\n\n\t\t\t\t<\/div>\n\t\t\t<\/div>\n\n\t\t\t<div class=\"call-to-action-foot\">\n\t\t\t\t<div class=\"call-to-action-actions wysiwyg light\">\n\t\t\t\t\t<a class=\"button\" href=\"https:\/\/securifort.com\/en\/contact\/\">Contact<\/a>\n\t\t\t\t<\/div>\n\t\t\t<\/div>\n\n\t\t<\/div>\n\n\t<\/div>\n<\/section>","protected":false},"excerpt":{"rendered":"","protected":false},"author":1,"featured_media":0,"parent":0,"menu_order":0,"comment_status":"closed","ping_status":"closed","template":"","meta":{"inline_featured_image":false},"acf":[],"yoast_head":"<!-- This site is optimized with the Yoast SEO plugin v19.10 - https:\/\/yoast.com\/wordpress\/plugins\/seo\/ -->\n<title>Technical Support - S\u00e9curifort<\/title>\n<meta name=\"robots\" content=\"noindex, follow, max-snippet:-1, max-image-preview:large, max-video-preview:-1\" \/>\n<meta property=\"og:locale\" content=\"en_US\" \/>\n<meta property=\"og:type\" content=\"article\" \/>\n<meta property=\"og:title\" content=\"Technical Support - S\u00e9curifort\" \/>\n<meta property=\"og:url\" content=\"https:\/\/securifort.com\/en\/service-technique\/\" \/>\n<meta property=\"og:site_name\" content=\"S\u00e9curifort\" \/>\n<meta property=\"article:modified_time\" content=\"2026-01-29T18:17:02+00:00\" \/>\n<meta name=\"twitter:card\" content=\"summary_large_image\" \/>\n<script type=\"application\/ld+json\" class=\"yoast-schema-graph\">{\"@context\":\"https:\/\/schema.org\",\"@graph\":[{\"@type\":\"WebPage\",\"@id\":\"https:\/\/securifort.com\/en\/service-technique\/\",\"url\":\"https:\/\/securifort.com\/en\/service-technique\/\",\"name\":\"Technical Support - S\u00e9curifort\",\"isPartOf\":{\"@id\":\"https:\/\/dev.securifort.com\/#website\"},\"datePublished\":\"2022-05-12T23:45:20+00:00\",\"dateModified\":\"2026-01-29T18:17:02+00:00\",\"breadcrumb\":{\"@id\":\"https:\/\/securifort.com\/en\/service-technique\/#breadcrumb\"},\"inLanguage\":\"en-US\",\"potentialAction\":[{\"@type\":\"ReadAction\",\"target\":[\"https:\/\/securifort.com\/en\/service-technique\/\"]}]},{\"@type\":\"BreadcrumbList\",\"@id\":\"https:\/\/securifort.com\/en\/service-technique\/#breadcrumb\",\"itemListElement\":[{\"@type\":\"ListItem\",\"position\":1,\"name\":\"Home\",\"item\":\"https:\/\/securifort.com\/en\/\"},{\"@type\":\"ListItem\",\"position\":2,\"name\":\"Technical Support\"}]},{\"@type\":\"WebSite\",\"@id\":\"https:\/\/dev.securifort.com\/#website\",\"url\":\"https:\/\/dev.securifort.com\/\",\"name\":\"S\u00e9curifort\",\"description\":\"Coffres-forts, D\u00e9p\u00f4ts, Vo\u00fbtes\",\"potentialAction\":[{\"@type\":\"SearchAction\",\"target\":{\"@type\":\"EntryPoint\",\"urlTemplate\":\"https:\/\/dev.securifort.com\/?s={search_term_string}\"},\"query-input\":\"required name=search_term_string\"}],\"inLanguage\":\"en-US\"}]}<\/script>\n<!-- \/ Yoast SEO plugin. -->","yoast_head_json":{"title":"Technical Support - S\u00e9curifort","robots":{"index":"noindex","follow":"follow","max-snippet":"max-snippet:-1","max-image-preview":"max-image-preview:large","max-video-preview":"max-video-preview:-1"},"og_locale":"en_US","og_type":"article","og_title":"Technical Support - S\u00e9curifort","og_url":"https:\/\/securifort.com\/en\/service-technique\/","og_site_name":"S\u00e9curifort","article_modified_time":"2026-01-29T18:17:02+00:00","twitter_card":"summary_large_image","schema":{"@context":"https:\/\/schema.org","@graph":[{"@type":"WebPage","@id":"https:\/\/securifort.com\/en\/service-technique\/","url":"https:\/\/securifort.com\/en\/service-technique\/","name":"Technical Support - S\u00e9curifort","isPartOf":{"@id":"https:\/\/dev.securifort.com\/#website"},"datePublished":"2022-05-12T23:45:20+00:00","dateModified":"2026-01-29T18:17:02+00:00","breadcrumb":{"@id":"https:\/\/securifort.com\/en\/service-technique\/#breadcrumb"},"inLanguage":"en-US","potentialAction":[{"@type":"ReadAction","target":["https:\/\/securifort.com\/en\/service-technique\/"]}]},{"@type":"BreadcrumbList","@id":"https:\/\/securifort.com\/en\/service-technique\/#breadcrumb","itemListElement":[{"@type":"ListItem","position":1,"name":"Home","item":"https:\/\/securifort.com\/en\/"},{"@type":"ListItem","position":2,"name":"Technical Support"}]},{"@type":"WebSite","@id":"https:\/\/dev.securifort.com\/#website","url":"https:\/\/dev.securifort.com\/","name":"S\u00e9curifort","description":"Coffres-forts, D\u00e9p\u00f4ts, Vo\u00fbtes","potentialAction":[{"@type":"SearchAction","target":{"@type":"EntryPoint","urlTemplate":"https:\/\/dev.securifort.com\/?s={search_term_string}"},"query-input":"required name=search_term_string"}],"inLanguage":"en-US"}]}},"_links":{"self":[{"href":"https:\/\/securifort.com\/en\/wp-json\/wp\/v2\/pages\/713"}],"collection":[{"href":"https:\/\/securifort.com\/en\/wp-json\/wp\/v2\/pages"}],"about":[{"href":"https:\/\/securifort.com\/en\/wp-json\/wp\/v2\/types\/page"}],"author":[{"embeddable":true,"href":"https:\/\/securifort.com\/en\/wp-json\/wp\/v2\/users\/1"}],"replies":[{"embeddable":true,"href":"https:\/\/securifort.com\/en\/wp-json\/wp\/v2\/comments?post=713"}],"version-history":[{"count":10,"href":"https:\/\/securifort.com\/en\/wp-json\/wp\/v2\/pages\/713\/revisions"}],"predecessor-version":[{"id":2658,"href":"https:\/\/securifort.com\/en\/wp-json\/wp\/v2\/pages\/713\/revisions\/2658"}],"wp:attachment":[{"href":"https:\/\/securifort.com\/en\/wp-json\/wp\/v2\/media?parent=713"}],"curies":[{"name":"wp","href":"https:\/\/api.w.org\/{rel}","templated":true}]}}