{"id":714,"date":"2021-03-15T13:41:00","date_gmt":"2021-03-15T17:41:00","guid":{"rendered":"https:\/\/securifort.com\/?page_id=714"},"modified":"2024-12-18T11:05:31","modified_gmt":"2024-12-18T16:05:31","slug":"trouver-un-distributeur","status":"publish","type":"page","link":"https:\/\/securifort.com\/en\/trouver-un-distributeur\/","title":{"rendered":"Find a distributor"},"content":{"rendered":"<section id=\"block-6762f2ca785e7\" class=\"block header-text\" data-watch>\n\t<div class=\"header-text-background\"><div class=\"image image--fill \">\n\t\t\t\t<div class=\"frame\">\n\t\t\t\t\t<picture>\n\t\t\t\t\t\t<source srcset=\"https:\/\/securifort.com\/app\/uploads\/2021\/03\/Header_Quote_Background.webp\" type=\"image\/webp\"\/>\n\t\t\t\t\t\t<img decoding=\"async\" src=\"https:\/\/securifort.com\/app\/uploads\/2021\/03\/Header_Quote_Background.webp\">\n\t\t\t\t\t<\/picture>\n\t\t\t\t<\/div>\n\t\t\t<\/div><\/div>\n\t<div class=\"header-text-foreground\">\n\t\t<div class=\"container\">\n\t\t\t<div class=\"header-text-content wysiwyg light\" data-break-lines=\"h1,h2,h3\">\n\t\t\t\t<h4>Purchasing tools<\/h4>\n<h1>Find a distributor<\/h1>\n\n\t\t\t<\/div>\n\t\t<\/div>\n\t<\/div>\n<\/section>\n\n<section id=\"block-6762f2ca78e51\" class=\"block text-grid\" data-watch>\n\t<div class=\"container\">\n\t\t<div class=\"text-grid-heading wysiwyg\" data-break-lines=\"h1,h2,h3\"><h2 style=\"text-align: center;\">Our distributors<\/h2>\n<\/div>\n\t\t<div class=\"text-grid-content\">\n\t\t\t<div class=\"block text-grid-item\" data-watch>\n\t<div class=\"text-grid-item-content wysiwyg\">\n\t\t<h4>S\u00e9curifort<\/h4>\n<p>45, rue Cayouette<br \/>\nTingwick (Qu\u00e9bec)<br \/>\nJ0A 1L0<br \/>\nT\u00e9l.: <a href=\"tel:8193592226\">819.359.2226<\/a><br \/>\nT\u00e9l.: <a href=\"tel:18883102226\">1.888.310.2226<\/a><br \/>\n<a href=\"mail:info@securifort.com\">info@securifort.com<\/a><\/p>\n\n\t<\/div>\n<\/div><div class=\"block text-grid-item\" data-watch>\n\t<div class=\"text-grid-item-content wysiwyg\">\n\t\t<h4>M3T Corporation<\/h4>\n<p>2250 Bumble Bee Hollow Rd<br \/>\nMechanicsburg, PA<br \/>\n17055<br \/>\nT\u00e9l.: <a href=\"tel:7177900500\">717-790-0500<\/a><br \/>\n<a href=\"mail:sales@m3tcorporation.com\">sales@m3tcorporation.com<\/a><\/p>\n\n\t<\/div>\n<\/div><div class=\"block text-grid-item\" data-watch>\n\t<div class=\"text-grid-item-content wysiwyg\">\n\t\t<h4>Gardall Safe Corporation<\/h4>\n<p>219 Lamson St<br \/>\nSyracuse<br \/>\nNY 13206, \u00c9tats-Unis<br \/>\nT\u00e9l.: <a href=\"tel:13154329115\">1-315-432-9115<\/a><br \/>\n<a href=\"mail:info@gardall.com\">info@gardall.com<\/a><\/p>\n\n\t<\/div>\n<\/div><div class=\"block text-grid-item\" data-watch>\n\t<div class=\"text-grid-item-content wysiwyg\">\n\t\t<h4>SISTEMAS INTEGRADOS DE SEGURIDAD, S.A.<\/h4>\n<p>Santo Domingo<br \/>\nDominican Republic<br \/>\nT\u00e9l: <a href=\"tel:8095352786\">(809) 535-2786<\/a><br \/>\nT\u00e9l. <a href=\"tel:8095338464\">(809) 533-8464<\/a><br \/>\n<a href=\"mail:joseagomez@sistemaintegrado.com\">joseagomez@sistemaintegrado.com<\/a><br \/>\n<a href=\"www.sistemaintegrado.com\" target\"_blank\">www.sistemaintegrado.com<\/a><\/p>\n\n\t<\/div>\n<\/div><div class=\"block text-grid-item\" data-watch>\n\t<div class=\"text-grid-item-content wysiwyg\">\n\t\t<h4>Painson Haiti S.A<\/h4>\n<p>25, Angle Rues Louverture et M\u00e9tellus<br \/>\nP\u00e9tion-Ville<br \/>\nHaiti<br \/>\nHaiti: <a href=\"tel:50934465101\">509.3446.5101<\/a><br \/>\nU.S.: <a href=\"tel:3053975740\">305.397.5740<\/a><br \/>\n<a href=\"mail:gael@painsonsa.com\">gael@painsonsa.com<\/a><\/p>\n\n\t<\/div>\n<\/div><div class=\"block text-grid-item\" data-watch>\n\t<div class=\"text-grid-item-content wysiwyg\">\n\t\t<h4>Giotech<\/h4>\n<p>64 D Middle and, Main St<br \/>\nGeorgetown<br \/>\nGuyana<br \/>\nT\u00e9l.: <a href=\"tel:+5922260378\">+592 226 0378<\/a><br \/>\n<a href=\"mail:Giovanni.tech@gmail.com\">Giovanni.tech@gmail.com<\/a><\/p>\n\n\t<\/div>\n<\/div>\n\t\t<\/div>\n\t<\/div>\n<\/section>\n\n<section id=\"block-6762f2ca79109\" class=\"block text\" data-watch>\n\t<div class=\"container\">\n\t\t<div class=\"text-content wysiwyg\">\n\t\t\t<h3>Become a distributor<\/h3>\n<p>Join our distributor network and offer your customers high-quality security products. Benefit from a strong partnership, dedicated technical support, and access to a complete range of innovative solutions to meet market needs.<\/p>\n\n\t\t<\/div>\n\t<\/div>\n<\/section>\n\n<section id=\"block-6762f2ca7962f\" class=\"block form\" data-watch>\n\t<div class=\"container\">\n\n\t\t\n\t\t<div class=\"form-content\">\n\t\t\t<div role=\"form\" class=\"wpcf7\" id=\"wpcf7-f194-o1\" lang=\"en-US\" dir=\"ltr\">\n<div class=\"screen-reader-response\"><p role=\"status\" aria-live=\"polite\" aria-atomic=\"true\"><\/p> <ul><\/ul><\/div>\n<form action=\"\/en\/wp-json\/wp\/v2\/pages\/714#wpcf7-f194-o1\" method=\"post\" class=\"wpcf7-form init\" novalidate=\"novalidate\" data-status=\"init\">\n<div style=\"display: none;\">\n<input type=\"hidden\" name=\"_wpcf7\" value=\"194\" \/>\n<input type=\"hidden\" name=\"_wpcf7_version\" value=\"5.6.4\" \/>\n<input type=\"hidden\" name=\"_wpcf7_locale\" value=\"en_US\" \/>\n<input type=\"hidden\" name=\"_wpcf7_unit_tag\" value=\"wpcf7-f194-o1\" \/>\n<input type=\"hidden\" name=\"_wpcf7_container_post\" value=\"0\" \/>\n<input type=\"hidden\" name=\"_wpcf7_posted_data_hash\" value=\"\" \/>\n<\/div>\n<div class=\"form-section\">\n    <div class=\"form-row\">\n        <div class=\"form-field\">\n            <label for=\"your-firstname\">First Name*<\/label>\n            <span class=\"wpcf7-form-control-wrap\" data-name=\"your-firstname\"><input type=\"text\" name=\"your-firstname\" value=\"\" size=\"40\" class=\"wpcf7-form-control wpcf7-text wpcf7-validates-as-required\" aria-required=\"true\" aria-invalid=\"false\" \/><\/span>\n        <\/div>\n        <div class=\"form-field\">\n            <label for=\"your-lastname\">Last Name*<\/label>\n            <span class=\"wpcf7-form-control-wrap\" data-name=\"your-lastname\"><input type=\"text\" name=\"your-lastname\" value=\"\" size=\"40\" class=\"wpcf7-form-control wpcf7-text wpcf7-validates-as-required\" aria-required=\"true\" aria-invalid=\"false\" \/><\/span>\n        <\/div>\t\t\n    <\/div>\n    <div class=\"form-row\">\n        <div class=\"form-field\">\n            <label for=\"your-email\">Email<\/label>\n            <span class=\"wpcf7-form-control-wrap\" data-name=\"your-email\"><input type=\"text\" name=\"your-email\" value=\"\" size=\"40\" class=\"wpcf7-form-control wpcf7-text wpcf7-validates-as-required\" aria-required=\"true\" aria-invalid=\"false\" \/><\/span>\n        <\/div>\n        <div class=\"form-field\">\n            <label for=\"your-subject\">Telephone<\/label>\n            <span class=\"wpcf7-form-control-wrap\" data-name=\"your-phone\"><input type=\"text\" name=\"your-phone\" value=\"\" size=\"40\" class=\"wpcf7-form-control wpcf7-text\" aria-invalid=\"false\" \/><\/span>\n        <\/div>\t\t\n    <\/div> \n    <div class=\"form-row\">\n        <div class=\"form-field\">\n            <label for=\"your-company\">Company<\/label>\n            <span class=\"wpcf7-form-control-wrap\" data-name=\"your-company\"><input type=\"text\" name=\"your-company\" value=\"\" size=\"40\" class=\"wpcf7-form-control wpcf7-text wpcf7-validates-as-required\" aria-required=\"true\" aria-invalid=\"false\" \/><\/span>\n        <\/div>\t\t\n    <\/div> \t\t\n    <div class=\"form-row\">\n        <div class=\"form-field\">\n              <label for=\"your-message\">Question \/ Comments<\/label>\n              <span class=\"wpcf7-form-control-wrap\" data-name=\"your-message\"><textarea name=\"your-message\" cols=\"40\" rows=\"10\" class=\"wpcf7-form-control wpcf7-textarea\" aria-invalid=\"false\" placeholder=\"Your message\"><\/textarea><\/span>\n        <\/div>\n    <\/div>\n    <div class=\"form-row\">\n        <div class=\"form-action\">\n            <input type=\"submit\" value=\"Request a quote\" class=\"wpcf7-form-control has-spinner wpcf7-submit\" \/>\n        <\/div>\n    <\/div>\n<\/div><div class=\"wpcf7-response-output\" aria-hidden=\"true\"><\/div><\/form><\/div>\n\t\t<\/div>\n\n\t<\/div>\n<\/section>","protected":false},"excerpt":{"rendered":"","protected":false},"author":1,"featured_media":0,"parent":0,"menu_order":0,"comment_status":"closed","ping_status":"closed","template":"","meta":{"inline_featured_image":false},"acf":[],"yoast_head":"<!-- This site is optimized with the Yoast SEO plugin v19.10 - https:\/\/yoast.com\/wordpress\/plugins\/seo\/ -->\n<title>Find a distributor - S\u00e9curifort<\/title>\n<meta name=\"robots\" content=\"noindex, follow, max-snippet:-1, max-image-preview:large, max-video-preview:-1\" \/>\n<meta property=\"og:locale\" content=\"en_US\" \/>\n<meta property=\"og:type\" content=\"article\" \/>\n<meta property=\"og:title\" content=\"Find a distributor - S\u00e9curifort\" \/>\n<meta property=\"og:url\" content=\"https:\/\/dev.securifort.com\/en\/trouver-un-distributeur\/\" \/>\n<meta property=\"og:site_name\" content=\"S\u00e9curifort\" \/>\n<meta property=\"article:modified_time\" content=\"2024-12-18T16:05:31+00:00\" \/>\n<meta name=\"twitter:card\" content=\"summary_large_image\" \/>\n<script type=\"application\/ld+json\" class=\"yoast-schema-graph\">{\"@context\":\"https:\/\/schema.org\",\"@graph\":[{\"@type\":\"WebPage\",\"@id\":\"https:\/\/dev.securifort.com\/en\/trouver-un-distributeur\/\",\"url\":\"https:\/\/dev.securifort.com\/en\/trouver-un-distributeur\/\",\"name\":\"Find a distributor - S\u00e9curifort\",\"isPartOf\":{\"@id\":\"https:\/\/dev.securifort.com\/#website\"},\"datePublished\":\"2021-03-15T17:41:00+00:00\",\"dateModified\":\"2024-12-18T16:05:31+00:00\",\"breadcrumb\":{\"@id\":\"https:\/\/dev.securifort.com\/en\/trouver-un-distributeur\/#breadcrumb\"},\"inLanguage\":\"en-US\",\"potentialAction\":[{\"@type\":\"ReadAction\",\"target\":[\"https:\/\/dev.securifort.com\/en\/trouver-un-distributeur\/\"]}]},{\"@type\":\"BreadcrumbList\",\"@id\":\"https:\/\/dev.securifort.com\/en\/trouver-un-distributeur\/#breadcrumb\",\"itemListElement\":[{\"@type\":\"ListItem\",\"position\":1,\"name\":\"Home\",\"item\":\"https:\/\/securifort.com\/en\/\"},{\"@type\":\"ListItem\",\"position\":2,\"name\":\"Find a distributor\"}]},{\"@type\":\"WebSite\",\"@id\":\"https:\/\/dev.securifort.com\/#website\",\"url\":\"https:\/\/dev.securifort.com\/\",\"name\":\"S\u00e9curifort\",\"description\":\"Coffres-forts, D\u00e9p\u00f4ts, Vo\u00fbtes\",\"potentialAction\":[{\"@type\":\"SearchAction\",\"target\":{\"@type\":\"EntryPoint\",\"urlTemplate\":\"https:\/\/dev.securifort.com\/?s={search_term_string}\"},\"query-input\":\"required name=search_term_string\"}],\"inLanguage\":\"en-US\"}]}<\/script>\n<!-- \/ Yoast SEO plugin. -->","yoast_head_json":{"title":"Find a distributor - S\u00e9curifort","robots":{"index":"noindex","follow":"follow","max-snippet":"max-snippet:-1","max-image-preview":"max-image-preview:large","max-video-preview":"max-video-preview:-1"},"og_locale":"en_US","og_type":"article","og_title":"Find a distributor - S\u00e9curifort","og_url":"https:\/\/dev.securifort.com\/en\/trouver-un-distributeur\/","og_site_name":"S\u00e9curifort","article_modified_time":"2024-12-18T16:05:31+00:00","twitter_card":"summary_large_image","schema":{"@context":"https:\/\/schema.org","@graph":[{"@type":"WebPage","@id":"https:\/\/dev.securifort.com\/en\/trouver-un-distributeur\/","url":"https:\/\/dev.securifort.com\/en\/trouver-un-distributeur\/","name":"Find a distributor - S\u00e9curifort","isPartOf":{"@id":"https:\/\/dev.securifort.com\/#website"},"datePublished":"2021-03-15T17:41:00+00:00","dateModified":"2024-12-18T16:05:31+00:00","breadcrumb":{"@id":"https:\/\/dev.securifort.com\/en\/trouver-un-distributeur\/#breadcrumb"},"inLanguage":"en-US","potentialAction":[{"@type":"ReadAction","target":["https:\/\/dev.securifort.com\/en\/trouver-un-distributeur\/"]}]},{"@type":"BreadcrumbList","@id":"https:\/\/dev.securifort.com\/en\/trouver-un-distributeur\/#breadcrumb","itemListElement":[{"@type":"ListItem","position":1,"name":"Home","item":"https:\/\/securifort.com\/en\/"},{"@type":"ListItem","position":2,"name":"Find a distributor"}]},{"@type":"WebSite","@id":"https:\/\/dev.securifort.com\/#website","url":"https:\/\/dev.securifort.com\/","name":"S\u00e9curifort","description":"Coffres-forts, D\u00e9p\u00f4ts, Vo\u00fbtes","potentialAction":[{"@type":"SearchAction","target":{"@type":"EntryPoint","urlTemplate":"https:\/\/dev.securifort.com\/?s={search_term_string}"},"query-input":"required name=search_term_string"}],"inLanguage":"en-US"}]}},"_links":{"self":[{"href":"https:\/\/securifort.com\/en\/wp-json\/wp\/v2\/pages\/714"}],"collection":[{"href":"https:\/\/securifort.com\/en\/wp-json\/wp\/v2\/pages"}],"about":[{"href":"https:\/\/securifort.com\/en\/wp-json\/wp\/v2\/types\/page"}],"author":[{"embeddable":true,"href":"https:\/\/securifort.com\/en\/wp-json\/wp\/v2\/users\/1"}],"replies":[{"embeddable":true,"href":"https:\/\/securifort.com\/en\/wp-json\/wp\/v2\/comments?post=714"}],"version-history":[{"count":5,"href":"https:\/\/securifort.com\/en\/wp-json\/wp\/v2\/pages\/714\/revisions"}],"predecessor-version":[{"id":1571,"href":"https:\/\/securifort.com\/en\/wp-json\/wp\/v2\/pages\/714\/revisions\/1571"}],"wp:attachment":[{"href":"https:\/\/securifort.com\/en\/wp-json\/wp\/v2\/media?parent=714"}],"curies":[{"name":"wp","href":"https:\/\/api.w.org\/{rel}","templated":true}]}}