{"id":800,"date":"2021-03-15T13:40:22","date_gmt":"2021-03-15T17:40:22","guid":{"rendered":"https:\/\/securifort.com\/?page_id=800"},"modified":"2024-12-18T10:53:07","modified_gmt":"2024-12-18T15:53:07","slug":"a-propos","status":"publish","type":"page","link":"https:\/\/securifort.com\/en\/a-propos\/","title":{"rendered":"About"},"content":{"rendered":"<section id=\"block-6762efe281995\" class=\"block header-text\" data-watch>\n\t<div class=\"header-text-background\"><div class=\"image image--fill \">\n\t\t\t\t<div class=\"frame\">\n\t\t\t\t\t<picture>\n\t\t\t\t\t\t<source srcset=\"https:\/\/securifort.com\/app\/uploads\/2021\/03\/Header_About_Background.webp\" type=\"image\/webp\"\/>\n\t\t\t\t\t\t<img decoding=\"async\" src=\"https:\/\/securifort.com\/app\/uploads\/2021\/03\/Header_About_Background.webp\">\n\t\t\t\t\t<\/picture>\n\t\t\t\t<\/div>\n\t\t\t<\/div><\/div>\n\t<div class=\"header-text-foreground\">\n\t\t<div class=\"container\">\n\t\t\t<div class=\"header-text-content wysiwyg light\" data-break-lines=\"h1,h2,h3\">\n\t\t\t\t<h4>About S\u00e9curifort<\/h4>\n<h1>S\u00e9curifort is one of the largest manufacturers of physical security equipment in Canada.<\/h1>\n\n\t\t\t<\/div>\n\t\t<\/div>\n\t<\/div>\n<\/section>\n\n<section id=\"block-6762efe282424\" class=\"block text-aside text-aside--natural\" data-watch>\n\t<div class=\"container\">\n\t\t<div class=\"text-aside-main\">\n\t\t\t<div class=\"text-aside-head\"><div class=\"image image--fill text-aside-image\">\n\t\t\t\t<div class=\"frame\">\n\t\t\t\t\t<picture>\n\t\t\t\t\t\t<source srcset=\"https:\/\/securifort.com\/app\/uploads\/2021\/03\/Welding.webp\" type=\"image\/webp\"\/>\n\t\t\t\t\t\t<img decoding=\"async\" src=\"https:\/\/securifort.com\/app\/uploads\/2021\/03\/Welding.webp\">\n\t\t\t\t\t<\/picture>\n\t\t\t\t<\/div>\n\t\t\t<\/div><\/div>\n\t\t\t<div class=\"text-aside-body\">\n\t\t\t\t<div class=\"text-aside-content wysiwyg\" data-break-lines=\"h1,h2,h3\">\n\t\t\t\t\t<h4>SINCE 1971<\/h4>\n<h3>The company has been manufacturing security devices such as vaults, vault doors and accessories, safes, night depositories, safety deposit boxes, and lockers tailored to meet the specific needs of its clients.<\/h3>\n<p>Today, to uphold the quality that built our reputation, we rely on the experience and skills of a qualified production team. Additionally, thanks to our comprehensive research and development program, we have never stopped innovating.<\/p>\n<p>Our sustained efforts have allowed us to develop high-resistance alloys that make our products impervious to all simulated burglar attacks during testing by Canada\u2019s Underwriters Laboratories (ULC) and <a href=\"https:\/\/canada.ul.com\/fr\/\" target=\"_blank\" rel=\"noopener\">Underwriters&#8217; Laboratories, Inc. (UL)<\/a>.<\/p>\n\n\t\t\t\t<\/div>\n\t\t\t<\/div>\n\t\t<\/div>\n\t<\/div>\n<\/section>\n\n<section id=\"block-6762efe2827ab\" class=\"block team-list\" data-watch>\n\t<div class=\"container\">\n\t\t<div class=\"team-list-heading wysiwyg\" data-break-lines=\"h1,h2,h3\"><h2>Our passionated team<\/h2>\n<\/div>\n\t\t<div class=\"team-list-content\">\n\t\t\t<div class=\"block team-item\" data-watch>\n\t<div class=\"team-item-head\"><\/div>\n\t<div class=\"team-item-body\">\n\t\t<div class=\"team-item-title wysiwyg\"><h3>Fran\u00e7ois Mayrand<\/h3><\/div>\n\t\t<div class=\"team-item-label wysiwyg\">\n\t\t\t<h4>Pr\u00e9sident<\/h4>\n\t\t<\/div>\n\t<\/div>\n<\/div><div class=\"block team-item\" data-watch>\n\t<div class=\"team-item-head\"><div class=\"image image--fill team-item-image\">\n\t\t\t\t<div class=\"frame\">\n\t\t\t\t\t<picture>\n\t\t\t\t\t\t<source srcset=\"https:\/\/securifort.com\/app\/uploads\/2021\/03\/AUB_3963-scaled-480x0-c-default.webp\" type=\"image\/webp\"\/>\n\t\t\t\t\t\t<img decoding=\"async\" src=\"https:\/\/securifort.com\/app\/uploads\/2021\/03\/AUB_3963-scaled-480x0-c-default.webp\">\n\t\t\t\t\t<\/picture>\n\t\t\t\t<\/div>\n\t\t\t<\/div><\/div>\n\t<div class=\"team-item-body\">\n\t\t<div class=\"team-item-title wysiwyg\"><h3>Julia Mayrand<\/h3><\/div>\n\t\t<div class=\"team-item-label wysiwyg\">\n\t\t\t<h4>General Manager<\/h4>\n\t\t<\/div>\n\t<\/div>\n<\/div><div class=\"block team-item\" data-watch>\n\t<div class=\"team-item-head\"><div class=\"image image--fill team-item-image\">\n\t\t\t\t<div class=\"frame\">\n\t\t\t\t\t<picture>\n\t\t\t\t\t\t<source srcset=\"https:\/\/securifort.com\/app\/uploads\/2024\/08\/ah.webp\" type=\"image\/webp\"\/>\n\t\t\t\t\t\t<img decoding=\"async\" src=\"https:\/\/securifort.com\/app\/uploads\/2024\/08\/ah.webp\">\n\t\t\t\t\t<\/picture>\n\t\t\t\t<\/div>\n\t\t\t<\/div><\/div>\n\t<div class=\"team-item-body\">\n\t\t<div class=\"team-item-title wysiwyg\"><h3>Anthony Hamel<\/h3><\/div>\n\t\t<div class=\"team-item-label wysiwyg\">\n\t\t\t<h4>Production Director<\/h4>\n\t\t<\/div>\n\t<\/div>\n<\/div><div class=\"block team-item\" data-watch>\n\t<div class=\"team-item-head\"><div class=\"image image--fill team-item-image\">\n\t\t\t\t<div class=\"frame\">\n\t\t\t\t\t<picture>\n\t\t\t\t\t\t<source srcset=\"https:\/\/securifort.com\/app\/uploads\/2021\/03\/EDITH-GUILLEMETTE-DIRECTRICE-DES-RESSOURCES-HUMAINES-scaled-480x0-c-default.webp\" type=\"image\/webp\"\/>\n\t\t\t\t\t\t<img decoding=\"async\" src=\"https:\/\/securifort.com\/app\/uploads\/2021\/03\/EDITH-GUILLEMETTE-DIRECTRICE-DES-RESSOURCES-HUMAINES-scaled-480x0-c-default.webp\">\n\t\t\t\t\t<\/picture>\n\t\t\t\t<\/div>\n\t\t\t<\/div><\/div>\n\t<div class=\"team-item-body\">\n\t\t<div class=\"team-item-title wysiwyg\"><h3>Edith Guillemette<\/h3><\/div>\n\t\t<div class=\"team-item-label wysiwyg\">\n\t\t\t<h4>Director of Human Resources<\/h4>\n\t\t<\/div>\n\t<\/div>\n<\/div><div class=\"block team-item\" data-watch>\n\t<div class=\"team-item-head\"><div class=\"image image--fill team-item-image\">\n\t\t\t\t<div class=\"frame\">\n\t\t\t\t\t<picture>\n\t\t\t\t\t\t<source srcset=\"https:\/\/securifort.com\/app\/uploads\/2024\/08\/AUB_3989-scaled-480x0-c-default.webp\" type=\"image\/webp\"\/>\n\t\t\t\t\t\t<img decoding=\"async\" src=\"https:\/\/securifort.com\/app\/uploads\/2024\/08\/AUB_3989-scaled-480x0-c-default.webp\">\n\t\t\t\t\t<\/picture>\n\t\t\t\t<\/div>\n\t\t\t<\/div><\/div>\n\t<div class=\"team-item-body\">\n\t\t<div class=\"team-item-title wysiwyg\"><h3>Nicole Beaulieu<\/h3><\/div>\n\t\t<div class=\"team-item-label wysiwyg\">\n\t\t\t<h4>Logistics<\/h4>\n\t\t<\/div>\n\t<\/div>\n<\/div><div class=\"block team-item\" data-watch>\n\t<div class=\"team-item-head\"><div class=\"image image--fill team-item-image\">\n\t\t\t\t<div class=\"frame\">\n\t\t\t\t\t<picture>\n\t\t\t\t\t\t<source srcset=\"https:\/\/securifort.com\/app\/uploads\/2021\/03\/SEBASTIEN-PRUDHOMME-TECHNICIEN-SERVICE-scaled-480x0-c-default.webp\" type=\"image\/webp\"\/>\n\t\t\t\t\t\t<img decoding=\"async\" src=\"https:\/\/securifort.com\/app\/uploads\/2021\/03\/SEBASTIEN-PRUDHOMME-TECHNICIEN-SERVICE-scaled-480x0-c-default.webp\">\n\t\t\t\t\t<\/picture>\n\t\t\t\t<\/div>\n\t\t\t<\/div><\/div>\n\t<div class=\"team-item-body\">\n\t\t<div class=\"team-item-title wysiwyg\"><h3>S\u00e9bastien Prud&#8217;homme<\/h3><\/div>\n\t\t<div class=\"team-item-label wysiwyg\">\n\t\t\t<h4>Technician &#8211; Service<\/h4>\n\t\t<\/div>\n\t<\/div>\n<\/div><div class=\"block team-item\" data-watch>\n\t<div class=\"team-item-head\"><div class=\"image image--fill team-item-image\">\n\t\t\t\t<div class=\"frame\">\n\t\t\t\t\t<picture>\n\t\t\t\t\t\t<source srcset=\"https:\/\/securifort.com\/app\/uploads\/2024\/08\/AUB_3952-scaled-480x0-c-default.webp\" type=\"image\/webp\"\/>\n\t\t\t\t\t\t<img decoding=\"async\" src=\"https:\/\/securifort.com\/app\/uploads\/2024\/08\/AUB_3952-scaled-480x0-c-default.webp\">\n\t\t\t\t\t<\/picture>\n\t\t\t\t<\/div>\n\t\t\t<\/div><\/div>\n\t<div class=\"team-item-body\">\n\t\t<div class=\"team-item-title wysiwyg\"><h3>K\u00e9vin Kirouac<\/h3><\/div>\n\t\t<div class=\"team-item-label wysiwyg\">\n\t\t\t<h4>Designer &#8211; Programmer<\/h4>\n\t\t<\/div>\n\t<\/div>\n<\/div><div class=\"block team-item\" data-watch>\n\t<div class=\"team-item-head\"><div class=\"image image--fill team-item-image\">\n\t\t\t\t<div class=\"frame\">\n\t\t\t\t\t<picture>\n\t\t\t\t\t\t<source srcset=\"https:\/\/securifort.com\/app\/uploads\/2024\/08\/AUB_3929-scaled-480x0-c-default.webp\" type=\"image\/webp\"\/>\n\t\t\t\t\t\t<img decoding=\"async\" src=\"https:\/\/securifort.com\/app\/uploads\/2024\/08\/AUB_3929-scaled-480x0-c-default.webp\">\n\t\t\t\t\t<\/picture>\n\t\t\t\t<\/div>\n\t\t\t<\/div><\/div>\n\t<div class=\"team-item-body\">\n\t\t<div class=\"team-item-title wysiwyg\"><h3>V\u00e9ronique Bernier<\/h3><\/div>\n\t\t<div class=\"team-item-label wysiwyg\">\n\t\t\t<h4>Administrative Assistant<\/h4>\n\t\t<\/div>\n\t<\/div>\n<\/div><div class=\"block team-item\" data-watch>\n\t<div class=\"team-item-head\"><div class=\"image image--fill team-item-image\">\n\t\t\t\t<div class=\"frame\">\n\t\t\t\t\t<picture>\n\t\t\t\t\t\t<source srcset=\"https:\/\/securifort.com\/app\/uploads\/2026\/01\/AUB_3935-scaled-480x0-c-default.webp\" type=\"image\/webp\"\/>\n\t\t\t\t\t\t<img decoding=\"async\" src=\"https:\/\/securifort.com\/app\/uploads\/2026\/01\/AUB_3935-scaled-480x0-c-default.webp\">\n\t\t\t\t\t<\/picture>\n\t\t\t\t<\/div>\n\t\t\t<\/div><\/div>\n\t<div class=\"team-item-body\">\n\t\t<div class=\"team-item-title wysiwyg\"><h3>Lori Desharnais<\/h3><\/div>\n\t\t<div class=\"team-item-label wysiwyg\">\n\t\t\t<h4>Administrative Assistant<\/h4>\n\t\t<\/div>\n\t<\/div>\n<\/div>\n\t\t<\/div>\n\t<\/div>\n<\/section>\n\n<section id=\"block-6762efe2830b8\" class=\"block call-to-action\" data-watch>\n\t<div class=\"container\">\n\n\t\t<div class=\"call-to-action-main\">\n\n\t\t\t<div class=\"call-to-action-body\">\n\t\t\t\t<div class=\"call-to-action-content wysiwyg\">\n\t\t\t\t\t<p>Looking for a new challenge? Join our team!<\/p>\n\n\t\t\t\t<\/div>\n\t\t\t<\/div>\n\n\t\t\t<div class=\"call-to-action-foot\">\n\t\t\t\t<div class=\"call-to-action-actions wysiwyg light\">\n\t\t\t\t\t<a class=\"button\" href=\"\">Careers<\/a>\n\t\t\t\t<\/div>\n\t\t\t<\/div>\n\n\t\t<\/div>\n\n\t<\/div>\n<\/section>","protected":false},"excerpt":{"rendered":"","protected":false},"author":1,"featured_media":0,"parent":0,"menu_order":0,"comment_status":"closed","ping_status":"closed","template":"","meta":{"inline_featured_image":false},"acf":[],"yoast_head":"<!-- This site is optimized with the Yoast SEO plugin v19.10 - https:\/\/yoast.com\/wordpress\/plugins\/seo\/ -->\n<title>About - S\u00e9curifort<\/title>\n<meta name=\"robots\" content=\"noindex, follow, max-snippet:-1, max-image-preview:large, max-video-preview:-1\" \/>\n<meta property=\"og:locale\" content=\"en_US\" \/>\n<meta property=\"og:type\" content=\"article\" \/>\n<meta property=\"og:title\" content=\"About - S\u00e9curifort\" \/>\n<meta property=\"og:url\" content=\"https:\/\/dev.securifort.com\/en\/a-propos\/\" \/>\n<meta property=\"og:site_name\" content=\"S\u00e9curifort\" \/>\n<meta property=\"article:modified_time\" content=\"2024-12-18T15:53:07+00:00\" \/>\n<meta name=\"twitter:card\" content=\"summary_large_image\" \/>\n<script type=\"application\/ld+json\" class=\"yoast-schema-graph\">{\"@context\":\"https:\/\/schema.org\",\"@graph\":[{\"@type\":\"WebPage\",\"@id\":\"https:\/\/dev.securifort.com\/en\/a-propos\/\",\"url\":\"https:\/\/dev.securifort.com\/en\/a-propos\/\",\"name\":\"About - S\u00e9curifort\",\"isPartOf\":{\"@id\":\"https:\/\/dev.securifort.com\/#website\"},\"datePublished\":\"2021-03-15T17:40:22+00:00\",\"dateModified\":\"2024-12-18T15:53:07+00:00\",\"breadcrumb\":{\"@id\":\"https:\/\/dev.securifort.com\/en\/a-propos\/#breadcrumb\"},\"inLanguage\":\"en-US\",\"potentialAction\":[{\"@type\":\"ReadAction\",\"target\":[\"https:\/\/dev.securifort.com\/en\/a-propos\/\"]}]},{\"@type\":\"BreadcrumbList\",\"@id\":\"https:\/\/dev.securifort.com\/en\/a-propos\/#breadcrumb\",\"itemListElement\":[{\"@type\":\"ListItem\",\"position\":1,\"name\":\"Home\",\"item\":\"https:\/\/securifort.com\/en\/\"},{\"@type\":\"ListItem\",\"position\":2,\"name\":\"About\"}]},{\"@type\":\"WebSite\",\"@id\":\"https:\/\/dev.securifort.com\/#website\",\"url\":\"https:\/\/dev.securifort.com\/\",\"name\":\"S\u00e9curifort\",\"description\":\"Coffres-forts, D\u00e9p\u00f4ts, Vo\u00fbtes\",\"potentialAction\":[{\"@type\":\"SearchAction\",\"target\":{\"@type\":\"EntryPoint\",\"urlTemplate\":\"https:\/\/dev.securifort.com\/?s={search_term_string}\"},\"query-input\":\"required name=search_term_string\"}],\"inLanguage\":\"en-US\"}]}<\/script>\n<!-- \/ Yoast SEO plugin. -->","yoast_head_json":{"title":"About - S\u00e9curifort","robots":{"index":"noindex","follow":"follow","max-snippet":"max-snippet:-1","max-image-preview":"max-image-preview:large","max-video-preview":"max-video-preview:-1"},"og_locale":"en_US","og_type":"article","og_title":"About - S\u00e9curifort","og_url":"https:\/\/dev.securifort.com\/en\/a-propos\/","og_site_name":"S\u00e9curifort","article_modified_time":"2024-12-18T15:53:07+00:00","twitter_card":"summary_large_image","schema":{"@context":"https:\/\/schema.org","@graph":[{"@type":"WebPage","@id":"https:\/\/dev.securifort.com\/en\/a-propos\/","url":"https:\/\/dev.securifort.com\/en\/a-propos\/","name":"About - S\u00e9curifort","isPartOf":{"@id":"https:\/\/dev.securifort.com\/#website"},"datePublished":"2021-03-15T17:40:22+00:00","dateModified":"2024-12-18T15:53:07+00:00","breadcrumb":{"@id":"https:\/\/dev.securifort.com\/en\/a-propos\/#breadcrumb"},"inLanguage":"en-US","potentialAction":[{"@type":"ReadAction","target":["https:\/\/dev.securifort.com\/en\/a-propos\/"]}]},{"@type":"BreadcrumbList","@id":"https:\/\/dev.securifort.com\/en\/a-propos\/#breadcrumb","itemListElement":[{"@type":"ListItem","position":1,"name":"Home","item":"https:\/\/securifort.com\/en\/"},{"@type":"ListItem","position":2,"name":"About"}]},{"@type":"WebSite","@id":"https:\/\/dev.securifort.com\/#website","url":"https:\/\/dev.securifort.com\/","name":"S\u00e9curifort","description":"Coffres-forts, D\u00e9p\u00f4ts, Vo\u00fbtes","potentialAction":[{"@type":"SearchAction","target":{"@type":"EntryPoint","urlTemplate":"https:\/\/dev.securifort.com\/?s={search_term_string}"},"query-input":"required name=search_term_string"}],"inLanguage":"en-US"}]}},"_links":{"self":[{"href":"https:\/\/securifort.com\/en\/wp-json\/wp\/v2\/pages\/800"}],"collection":[{"href":"https:\/\/securifort.com\/en\/wp-json\/wp\/v2\/pages"}],"about":[{"href":"https:\/\/securifort.com\/en\/wp-json\/wp\/v2\/types\/page"}],"author":[{"embeddable":true,"href":"https:\/\/securifort.com\/en\/wp-json\/wp\/v2\/users\/1"}],"replies":[{"embeddable":true,"href":"https:\/\/securifort.com\/en\/wp-json\/wp\/v2\/comments?post=800"}],"version-history":[{"count":7,"href":"https:\/\/securifort.com\/en\/wp-json\/wp\/v2\/pages\/800\/revisions"}],"predecessor-version":[{"id":1552,"href":"https:\/\/securifort.com\/en\/wp-json\/wp\/v2\/pages\/800\/revisions\/1552"}],"wp:attachment":[{"href":"https:\/\/securifort.com\/en\/wp-json\/wp\/v2\/media?parent=800"}],"curies":[{"name":"wp","href":"https:\/\/api.w.org\/{rel}","templated":true}]}}